{"id":2870,"date":"2023-06-30T11:54:53","date_gmt":"2023-06-30T09:54:53","guid":{"rendered":"https:\/\/oenobois.com\/qualite-environnement\/"},"modified":"2023-10-18T14:58:44","modified_gmt":"2023-10-18T12:58:44","slug":"quality-environment","status":"publish","type":"page","link":"https:\/\/oenobois.com\/en\/quality-environment\/","title":{"rendered":"\u0152nobois : A LABEL FOR HIGH STANDARDS AND QUALITY"},"content":{"rendered":"<section class=\"block-slider-qualite\" id=\"block-slider-qualite\">\n            <section id=\"slider-qualite\" class=\"splide\" aria-label=\"Slider qualit\u00e9\">\n            <div class=\"splide__track\">\n                <ul class=\"splide__list\">\n                                        <li class=\"splide__slide slide slide-qualite\">\n        <img decoding=\"async\" src=\"https:\/\/oenobois.com\/app\/uploads\/2023\/07\/oenobois_website-presentation-rigueur.jpg\" alt=\"Selection\">\n        <div class=\"bdy\">\n            <h6>Selection<\/h6>\n            <p>Our commitment to quality begins with our choice of raw materials. We carefully select top-quality \u201cmerrain\u201d wood staves that meet strict physical and analytical criteria, essential for the production of top-of-the-range products for winemaking.<\/p>\n        <\/div>\n    <\/li>\n\n                                        <li class=\"splide__slide slide slide-qualite\">\n        <img decoding=\"async\" src=\"https:\/\/oenobois.com\/app\/uploads\/2023\/07\/BOIS.jpg\" alt=\"Traceability\">\n        <div class=\"bdy\">\n            <h6>Traceability<\/h6>\n            <p>To guarantee the health safety of our products, our production site is HACCP-compliant. We ensure complete traceability, from the tree to the final packaging. <\/p>\n        <\/div>\n    <\/li>\n\n                                        <li class=\"splide__slide slide slide-qualite\">\n        <img decoding=\"async\" src=\"https:\/\/oenobois.com\/app\/uploads\/2023\/07\/QUALITE_BLOUSE.jpg\" alt=\"Analysis\">\n        <div class=\"bdy\">\n            <h6>Analysis<\/h6>\n            <p>We carry out regular analyses of aromatic compounds to ensure repeatability in the expression of our products. In-depth analyses are also carried out on our raw materials and finished products, including halophenols, haloanisoles, heavy metals, PAHs and volatile compounds. <\/p>\n        <\/div>\n    <\/li>\n\n                                        <li class=\"splide__slide slide slide-qualite\">\n        <img decoding=\"async\" src=\"https:\/\/oenobois.com\/app\/uploads\/2023\/07\/oenobois_website-presentation-savoir_faire.jpg\" alt=\"Packaging\">\n        <div class=\"bdy\">\n            <h6>Packaging<\/h6>\n            <p>Our infusion nets are food-grade, and our packaging is specially designed to preserve flavor stability over time.<\/p>\n        <\/div>\n    <\/li>\n\n                                        <li class=\"splide__slide slide slide-qualite\">\n        <img decoding=\"async\" src=\"https:\/\/oenobois.com\/app\/uploads\/2023\/07\/FOUR_STICKS.jpg\" alt=\"Health and safety\">\n        <div class=\"bdy\">\n            <h6>Health and safety<\/h6>\n            <p>In our quest for continuous improvement, we have obtained FSSC 22000 food safety certification, recognized by the GFSI, to meet the requirements of major retailers, including the IFS and BRC standards.<\/p>\n        <\/div>\n    <\/li>\n\n                                        <li class=\"splide__slide slide slide-qualite\">\n        <img decoding=\"async\" src=\"https:\/\/oenobois.com\/app\/uploads\/2023\/07\/CERTIFICATIONS-QUALITE-BOIS-OENOBOIS.jpg\" alt=\"Certifications\">\n        <div class=\"bdy\">\n            <h6>Certifications<\/h6>\n            <p>The majority of our products are certified or authorized by numerous standards. We work in particular with BIO, NOP and Vegan standards, with the objective of facilitating the use of our products by our customers, whatever their choice of certification. Throughout our production process, our woods are made with no addition of any chemicals, thus, they are suitable for BIO and NOP standards.<\/p>\n        <\/div>\n    <\/li>\n\n                                <\/ul>\n            <\/div>\n        <\/section>\n    <\/section>\n\n\n<div style=\"height:80px\" aria-hidden=\"true\" class=\"wp-block-spacer\"><\/div>\n\n\n\n<h2 class=\"wp-block-heading container-medium pb-3\" id=\"csr\" style=\"font-size:65px\">CSR INITIATIVES<\/h2>\n\n\n\n<div class=\"wp-block-columns container-medium pb-4 is-layout-flex wp-container-core-columns-is-layout-9d6595d7 wp-block-columns-is-layout-flex\">\n<div class=\"wp-block-column is-layout-flow wp-block-column-is-layout-flow\" style=\"flex-basis:38%\">\n<p style=\"font-size:18px;letter-spacing:0.9px\">At \u0152nobois, quality, safety and environment are values deeply rooted in the way we work.<\/p>\n<\/div>\n\n\n\n<div class=\"wp-block-column is-layout-flow wp-block-column-is-layout-flow\" style=\"flex-basis:50%\"><\/div>\n<\/div>\n\n\n<section class=\"block-engagements-rse\" id=\"block-engagements-rse\">\n    <div class=\"row container-medium\">\n        <div class=\"col-5 pe-5\">\n            <ul class=\"nav nav-tabs\" id=\"tab-engagements\" role=\"tablist\">\n                                    <li class=\"nav-item\" role=\"presentation\">\n                                                    <button class=\"nav-link active\" id=\"humans-tab\" data-bs-toggle=\"tab\" data-bs-target=\"#humans\" data-bs-img=\"#img-humans\" type=\"button\" role=\"tab\" aria-controls=\"humans\" aria-selected=\"true\">Humans<\/button>\n                                            <\/li>\n                                    <li class=\"nav-item\" role=\"presentation\">\n                                                    <button class=\"nav-link\" id=\"environshyment-tab\" data-bs-toggle=\"tab\" data-bs-target=\"#environshyment\" data-bs-img=\"#img-environshyment\" type=\"button\" role=\"tab\" aria-controls=\"environshyment\" aria-selected=\"false\">Environ&shy;ment<\/button>\n                                            <\/li>\n                            <\/ul>\n            <div class=\"tab-content\">\n                                                <div class=\"tab-pane fade show active\" id=\"humans\" role=\"tabpanel\" aria-labelledby=\"humans-tab\">\n                                    <p class=\"desc\">As part of our environmental and social policy, we are committed to respect the Universal Declaration of Human Rights and the standards of the International Labour Organization. \u0152nobois is committed to corporate social responsibility (CSR). We have carried out an in-depth environmental analysis of our site, which has enabled us to highlight exemplary practices such as waste management, resource conservation, reducing waste and minimizing our consumption of resources.<\/p>\n                <\/div>\n                                                <div class=\"tab-pane fade\" id=\"environshyment\" role=\"tabpanel\" aria-labelledby=\"environshyment-tab\">\n                                    <p class=\"desc\">We attach great importance to sustainable forest management, which is why we are committed to the PEFC program. In addition to our PEFC certification, we also support local agroforestry through a multi-year tree-planting program. What&#8217;s more, our wood manufacturing process generates no vegetal waste, and all production waste is recycled within our facilities.<\/p>\n                <\/div>\n                            <\/div>\n        <\/div>\n        <div class=\"col-7\">\n            <div class=\"tab-content\">\n                                                <div class=\"tab\" id=\"img-humans\">\n                                    <img decoding=\"async\" src=\"https:\/\/oenobois.com\/app\/uploads\/2023\/07\/oenobois_website-presentation-savoir_faire-1.jpg\">\n                <\/div>\n                                                <div class=\"tab hide\" id=\"img-environshyment\">\n                                        <img decoding=\"async\" src=\"https:\/\/oenobois.com\/app\/uploads\/2023\/07\/oenobois_website-home-engagements-environnement.jpg\">\n                <\/div>\n                            <\/div>\n        <\/div>\n    <\/div>\n<\/section>\n\n\n<div class=\"wp-block-columns bg-tree is-layout-flex wp-container-core-columns-is-layout-9d6595d7 wp-block-columns-is-layout-flex\">\n<div class=\"wp-block-column is-layout-flow wp-block-column-is-layout-flow\" style=\"flex-basis:36%\"><\/div>\n\n\n\n<div class=\"wp-block-column is-layout-flow wp-block-column-is-layout-flow\" style=\"flex-basis:50%\">\n<blockquote class=\"wp-block-quote is-layout-flow wp-block-quote-is-layout-flow\">\n<h2 class=\"wp-block-heading alignwide txt-bot py-6\" style=\"font-size:40px;font-style:normal;font-weight:500;letter-spacing:2px;line-height:1.1\">At \u0152nobois, we firmly believe that quality and respect for the environment go hand in hand. <br><br>That&#8217;s why we do everything we can to offer you outstanding products, while contributing to the preservation of our planet.<\/h2>\n<\/blockquote>\n<\/div>\n\n\n\n<div class=\"wp-block-column is-layout-flow wp-block-column-is-layout-flow\" style=\"flex-basis:25%\"><\/div>\n<\/div>\n\n\n<section class=\"block-our-products o-ourProducts\">\n    \n    <div class=\"o-ourProducts__header text-center bg-secondary text-white pt-5 pb-7\">\n        <div class=\"container-base\">\n            <h2 class=\"text-primary mb-3\">Nuestros productos <\/h2>\n            <p class=\"mb-5 mx-auto o-ourProducts__headerText\">\n                Nuestro conocimiento del potencial organol\u00e9ptico de las diferentes variedades de roble nos permite una gran precisi\u00f3n en la selecci\u00f3n y elaboraci\u00f3n de nuestros productos.\n            <\/p>\n        <\/div>\n    <\/div>\n\n    <div class=\"o-ourProducts__products position-absolute overflow-hidden\">\n        <div class=\"container-base\">\n            \n\n<div class=\"t-rangesList\">\n\n    <div class=\"glide\" data-ranges-nb=\"5\">\n        <div class=\"glide__track\" data-glide-el=\"track\">\n            <div class=\"glide__slides\">\n                            <div class=\"glide__slide\">\n                        \n<div class=\"position-relative card border-0 text-white overflow-hidden m-cardRange\">\n    <img decoding=\"async\" class=\"position-absolute top-0 left-0 w-100 h-100 m-cardRange__img\" \n        src=\"https:\/\/oenobois.com\/app\/uploads\/2023\/06\/oenobois_website-home-produit-granulars.png\"\n        alt=\"\"\n        title=\"oenobois_website-home-produit-granulars\"\n    \/>\n    <div class=\"position-absolute top-0 left-0 w-100 h-100 m-cardRange__overlay\"><\/div>\n\n    <div class=\"h-100 card-body p-3 d-flex flex-column justify-content-between m-cardRange__content\">\n        <div class=\"m-cardRange__text overflow-hidden d-flex flex-column\">\n            <h4 class=\"m-cardRange__title pb-3 mb-3\">\n                Granulars\n            <\/h4>\n\n            <p class=\"card-text flex-fill m-cardRange__description\">\n                \u0152nobois offers a range of 6 granulars for rapid and precise extraction of wood compounds in winemaking. Each granular has its own specific characteristics, making it possible to work on both aromatic and palate balance.\n            <\/p>\n        <\/div>\n\n        <a class=\"d-flex justify-content-center align-items-center bg-primary text-white text-decoration-none rounded-circle m-cardRange__more\"\n            href=\"https:\/\/oenobois.com\/en\/range\/granulars\/\">\n            <i class=\"fa-regular fa-xl fa-plus\"><\/i>\n        <\/a>\n    <\/div>\n\n<\/div>                <\/div>\n                            <div class=\"glide__slide\">\n                        \n<div class=\"position-relative card border-0 text-white overflow-hidden m-cardRange\">\n    <img decoding=\"async\" class=\"position-absolute top-0 left-0 w-100 h-100 m-cardRange__img\" \n        src=\"https:\/\/oenobois.com\/app\/uploads\/2023\/06\/oenobois_website-home-produit_1.png\"\n        alt=\"\"\n        title=\"oenobois_website-home-produit_1\"\n    \/>\n    <div class=\"position-absolute top-0 left-0 w-100 h-100 m-cardRange__overlay\"><\/div>\n\n    <div class=\"h-100 card-body p-3 d-flex flex-column justify-content-between m-cardRange__content\">\n        <div class=\"m-cardRange__text overflow-hidden d-flex flex-column\">\n            <h4 class=\"m-cardRange__title pb-3 mb-3\">\n                Chips\n            <\/h4>\n\n            <p class=\"card-text flex-fill m-cardRange__description\">\n                \u0152nobois offers a complete range of 9 technical and precise chips. Each chip has its own specific characteristics, in order to meet the winemaker organoleptic needs.\r\n\n            <\/p>\n        <\/div>\n\n        <a class=\"d-flex justify-content-center align-items-center bg-primary text-white text-decoration-none rounded-circle m-cardRange__more\"\n            href=\"https:\/\/oenobois.com\/en\/range\/copeaux\/\">\n            <i class=\"fa-regular fa-xl fa-plus\"><\/i>\n        <\/a>\n    <\/div>\n\n<\/div>                <\/div>\n                            <div class=\"glide__slide\">\n                        \n<div class=\"position-relative card border-0 text-white overflow-hidden m-cardRange\">\n    <img decoding=\"async\" class=\"position-absolute top-0 left-0 w-100 h-100 m-cardRange__img\" \n        src=\"https:\/\/oenobois.com\/app\/uploads\/2023\/06\/staves-blocks.jpg\"\n        alt=\"chauffe des douelles pour l'oenologie\"\n        title=\"staves blocks\"\n    \/>\n    <div class=\"position-absolute top-0 left-0 w-100 h-100 m-cardRange__overlay\"><\/div>\n\n    <div class=\"h-100 card-body p-3 d-flex flex-column justify-content-between m-cardRange__content\">\n        <div class=\"m-cardRange__text overflow-hidden d-flex flex-column\">\n            <h4 class=\"m-cardRange__title pb-3 mb-3\">\n                Staves<br> &#038; Blocks\n            <\/h4>\n\n            <p class=\"card-text flex-fill m-cardRange__description\">\n                \u0152nobois offers a range of thick French oak staves and blocks carefully selected for complex, fruity wine profiles.\r\n\n            <\/p>\n        <\/div>\n\n        <a class=\"d-flex justify-content-center align-items-center bg-primary text-white text-decoration-none rounded-circle m-cardRange__more\"\n            href=\"https:\/\/oenobois.com\/en\/range\/staves-blocks\/\">\n            <i class=\"fa-regular fa-xl fa-plus\"><\/i>\n        <\/a>\n    <\/div>\n\n<\/div>                <\/div>\n                            <div class=\"glide__slide\">\n                        \n<div class=\"position-relative card border-0 text-white overflow-hidden m-cardRange\">\n    <img decoding=\"async\" class=\"position-absolute top-0 left-0 w-100 h-100 m-cardRange__img\" \n        src=\"https:\/\/oenobois.com\/app\/uploads\/2023\/06\/oenobois_website-home-produit-sticks_3d.png\"\n        alt=\"\"\n        title=\"oenobois_website-home-produit-sticks_3d\"\n    \/>\n    <div class=\"position-absolute top-0 left-0 w-100 h-100 m-cardRange__overlay\"><\/div>\n\n    <div class=\"h-100 card-body p-3 d-flex flex-column justify-content-between m-cardRange__content\">\n        <div class=\"m-cardRange__text overflow-hidden d-flex flex-column\">\n            <h4 class=\"m-cardRange__title pb-3 mb-3\">\n                Sticks<br> &#038; 3D\n            <\/h4>\n\n            <p class=\"card-text flex-fill m-cardRange__description\">\n                \u0152nobois offers a range of thick French oak sticks and 3D cubes carefully selected for maturation comparable to that of barrique.\r\n\n            <\/p>\n        <\/div>\n\n        <a class=\"d-flex justify-content-center align-items-center bg-primary text-white text-decoration-none rounded-circle m-cardRange__more\"\n            href=\"https:\/\/oenobois.com\/en\/range\/sticks-3d\/\">\n            <i class=\"fa-regular fa-xl fa-plus\"><\/i>\n        <\/a>\n    <\/div>\n\n<\/div>                <\/div>\n                            <div class=\"glide__slide\">\n                        \n<div class=\"position-relative card border-0 text-white overflow-hidden m-cardRange\">\n    <img decoding=\"async\" class=\"position-absolute top-0 left-0 w-100 h-100 m-cardRange__img\" \n        src=\"https:\/\/oenobois.com\/app\/uploads\/2023\/06\/stick-inside.jpg\"\n        alt=\"confection des sticks oenobois \"\n        title=\"stick-inside\"\n    \/>\n    <div class=\"position-absolute top-0 left-0 w-100 h-100 m-cardRange__overlay\"><\/div>\n\n    <div class=\"h-100 card-body p-3 d-flex flex-column justify-content-between m-cardRange__content\">\n        <div class=\"m-cardRange__text overflow-hidden d-flex flex-column\">\n            <h4 class=\"m-cardRange__title pb-3 mb-3\">\n                Sticks <br>Inside\n            <\/h4>\n\n            <p class=\"card-text flex-fill m-cardRange__description\">\n                \u0152nobois offers you a range of Sticks Inside made from French oak, with the aim of prolonging the life of your barrel cellar.\n            <\/p>\n        <\/div>\n\n        <a class=\"d-flex justify-content-center align-items-center bg-primary text-white text-decoration-none rounded-circle m-cardRange__more\"\n            href=\"https:\/\/oenobois.com\/en\/range\/sticks-inside\/\">\n            <i class=\"fa-regular fa-xl fa-plus\"><\/i>\n        <\/a>\n    <\/div>\n\n<\/div>                <\/div>\n                        <\/div>\n        <\/div>\n\n        <div class=\"glide__bullets d-md-none position-static d-flex mt-3 justify-content-center\" data-glide-el=\"controls[nav]\">\n                                        <div class=\"glide__bullet\" data-glide-dir=\"=0\"><\/div>\n                                            <div class=\"glide__bullet\" data-glide-dir=\"=1\"><\/div>\n                                            <div class=\"glide__bullet\" data-glide-dir=\"=2\"><\/div>\n                                            <div class=\"glide__bullet\" data-glide-dir=\"=3\"><\/div>\n                                            <div class=\"glide__bullet\" data-glide-dir=\"=4\"><\/div>\n                                    <\/div>\n    <\/div>\n\n<\/div>        <\/div>\n    <\/div>\n\n    <div class=\"o-ourProducts__presentation bg-light pt-7 pb-6 pb-md-7 position-relative overflow-hidden\">\n        <img decoding=\"async\" src=\"https:\/\/oenobois.com\/app\/themes\/bootscore-child-main\/img\/wood-circles.png\" \n     class=\"d-none d-md-block a-backgroundImg position-absolute end-0\"\n     alt=\"Background image wood circles\"\n     title=\"Background image wood circles\">\n\n        <div class=\"container-narrow\">\n            <div class=\"pt-6 pt-md-7\">\n                <div class=\"mb-5 me-auto lh-sm o-ourProducts__firstParagraph\">\n                    \n                <\/div>\n                <div class=\"ms-auto lh-sm o-ourProducts__secondParagraph\">\n                    \n                <\/div>\n            <\/div>\n        <\/div>\n    <\/div>\n<\/section>","protected":false},"excerpt":{"rendered":"<p>CSR INITIATIVES At \u0152nobois, quality, safety and environment are values deeply rooted in the way we work. At \u0152nobois, we firmly believe that quality and respect for the environment go hand in hand. That&#8217;s why we do everything we can to offer you outstanding products, while contributing to the preservation of our planet.<\/p>\n","protected":false},"author":2,"featured_media":0,"parent":0,"menu_order":10,"comment_status":"closed","ping_status":"closed","template":"qualite-exigence.php","meta":{"_acf_changed":false,"footnotes":""},"class_list":["post-2870","page","type-page","status-publish","hentry"],"acf":[],"yoast_head":"<!-- This site is optimized with the Yoast SEO plugin v27.4 - https:\/\/yoast.com\/product\/yoast-seo-wordpress\/ -->\n<title>Oenobois : exigence et qualit\u00e9, dans le respect de l&#039;environnement<\/title>\n<meta name=\"description\" content=\"Chez \u0152nobois, nous croyons que la qualit\u00e9 et le respect de l\u2019environnement vont de pair, gr\u00e2ce \u00e0 des produits d&#039;exception et innovants.\" \/>\n<meta name=\"robots\" content=\"index, follow, max-snippet:-1, max-image-preview:large, max-video-preview:-1\" \/>\n<link rel=\"canonical\" href=\"https:\/\/oenobois.com\/en\/quality-environment\/\" \/>\n<meta property=\"og:locale\" content=\"en_US\" \/>\n<meta property=\"og:type\" content=\"article\" \/>\n<meta property=\"og:title\" content=\"Oenobois : exigence et qualit\u00e9, dans le respect de l&#039;environnement\" \/>\n<meta property=\"og:description\" content=\"Chez \u0152nobois, nous croyons que la qualit\u00e9 et le respect de l\u2019environnement vont de pair, gr\u00e2ce \u00e0 des produits d&#039;exception et innovants.\" \/>\n<meta property=\"og:url\" content=\"https:\/\/oenobois.com\/en\/quality-environment\/\" \/>\n<meta property=\"og:site_name\" content=\"Oenobois\" \/>\n<meta property=\"article:modified_time\" content=\"2023-10-18T12:58:44+00:00\" \/>\n<meta name=\"twitter:card\" content=\"summary_large_image\" \/>\n<script type=\"application\/ld+json\" class=\"yoast-schema-graph\">{\"@context\":\"https:\\\/\\\/schema.org\",\"@graph\":[{\"@type\":\"WebPage\",\"@id\":\"https:\\\/\\\/oenobois.com\\\/en\\\/quality-environment\\\/\",\"url\":\"https:\\\/\\\/oenobois.com\\\/en\\\/quality-environment\\\/\",\"name\":\"Oenobois : exigence et qualit\u00e9, dans le respect de l'environnement\",\"isPartOf\":{\"@id\":\"https:\\\/\\\/oenobois.com\\\/en\\\/#website\"},\"datePublished\":\"2023-06-30T09:54:53+00:00\",\"dateModified\":\"2023-10-18T12:58:44+00:00\",\"description\":\"Chez \u0152nobois, nous croyons que la qualit\u00e9 et le respect de l\u2019environnement vont de pair, gr\u00e2ce \u00e0 des produits d'exception et innovants.\",\"inLanguage\":\"en-US\",\"potentialAction\":[{\"@type\":\"ReadAction\",\"target\":[\"https:\\\/\\\/oenobois.com\\\/en\\\/quality-environment\\\/\"]}]},{\"@type\":\"WebSite\",\"@id\":\"https:\\\/\\\/oenobois.com\\\/en\\\/#website\",\"url\":\"https:\\\/\\\/oenobois.com\\\/en\\\/\",\"name\":\"Oenobois\",\"description\":\"Au coeur du vin\",\"publisher\":{\"@id\":\"https:\\\/\\\/oenobois.com\\\/en\\\/#organization\"},\"potentialAction\":[{\"@type\":\"SearchAction\",\"target\":{\"@type\":\"EntryPoint\",\"urlTemplate\":\"https:\\\/\\\/oenobois.com\\\/en\\\/?s={search_term_string}\"},\"query-input\":{\"@type\":\"PropertyValueSpecification\",\"valueRequired\":true,\"valueName\":\"search_term_string\"}}],\"inLanguage\":\"en-US\"},{\"@type\":\"Organization\",\"@id\":\"https:\\\/\\\/oenobois.com\\\/en\\\/#organization\",\"name\":\"Oenobois\",\"url\":\"https:\\\/\\\/oenobois.com\\\/en\\\/\",\"logo\":{\"@type\":\"ImageObject\",\"inLanguage\":\"en-US\",\"@id\":\"https:\\\/\\\/oenobois.com\\\/en\\\/#\\\/schema\\\/logo\\\/image\\\/\",\"url\":\"https:\\\/\\\/oenobois.com\\\/app\\\/uploads\\\/2023\\\/07\\\/logo-oenobois.jpg\",\"contentUrl\":\"https:\\\/\\\/oenobois.com\\\/app\\\/uploads\\\/2023\\\/07\\\/logo-oenobois.jpg\",\"width\":1226,\"height\":215,\"caption\":\"Oenobois\"},\"image\":{\"@id\":\"https:\\\/\\\/oenobois.com\\\/en\\\/#\\\/schema\\\/logo\\\/image\\\/\"}}]}<\/script>\n<!-- \/ Yoast SEO plugin. -->","yoast_head_json":{"title":"Oenobois : exigence et qualit\u00e9, dans le respect de l'environnement","description":"Chez \u0152nobois, nous croyons que la qualit\u00e9 et le respect de l\u2019environnement vont de pair, gr\u00e2ce \u00e0 des produits d'exception et innovants.","robots":{"index":"index","follow":"follow","max-snippet":"max-snippet:-1","max-image-preview":"max-image-preview:large","max-video-preview":"max-video-preview:-1"},"canonical":"https:\/\/oenobois.com\/en\/quality-environment\/","og_locale":"en_US","og_type":"article","og_title":"Oenobois : exigence et qualit\u00e9, dans le respect de l'environnement","og_description":"Chez \u0152nobois, nous croyons que la qualit\u00e9 et le respect de l\u2019environnement vont de pair, gr\u00e2ce \u00e0 des produits d'exception et innovants.","og_url":"https:\/\/oenobois.com\/en\/quality-environment\/","og_site_name":"Oenobois","article_modified_time":"2023-10-18T12:58:44+00:00","twitter_card":"summary_large_image","schema":{"@context":"https:\/\/schema.org","@graph":[{"@type":"WebPage","@id":"https:\/\/oenobois.com\/en\/quality-environment\/","url":"https:\/\/oenobois.com\/en\/quality-environment\/","name":"Oenobois : exigence et qualit\u00e9, dans le respect de l'environnement","isPartOf":{"@id":"https:\/\/oenobois.com\/en\/#website"},"datePublished":"2023-06-30T09:54:53+00:00","dateModified":"2023-10-18T12:58:44+00:00","description":"Chez \u0152nobois, nous croyons que la qualit\u00e9 et le respect de l\u2019environnement vont de pair, gr\u00e2ce \u00e0 des produits d'exception et innovants.","inLanguage":"en-US","potentialAction":[{"@type":"ReadAction","target":["https:\/\/oenobois.com\/en\/quality-environment\/"]}]},{"@type":"WebSite","@id":"https:\/\/oenobois.com\/en\/#website","url":"https:\/\/oenobois.com\/en\/","name":"Oenobois","description":"Au coeur du vin","publisher":{"@id":"https:\/\/oenobois.com\/en\/#organization"},"potentialAction":[{"@type":"SearchAction","target":{"@type":"EntryPoint","urlTemplate":"https:\/\/oenobois.com\/en\/?s={search_term_string}"},"query-input":{"@type":"PropertyValueSpecification","valueRequired":true,"valueName":"search_term_string"}}],"inLanguage":"en-US"},{"@type":"Organization","@id":"https:\/\/oenobois.com\/en\/#organization","name":"Oenobois","url":"https:\/\/oenobois.com\/en\/","logo":{"@type":"ImageObject","inLanguage":"en-US","@id":"https:\/\/oenobois.com\/en\/#\/schema\/logo\/image\/","url":"https:\/\/oenobois.com\/app\/uploads\/2023\/07\/logo-oenobois.jpg","contentUrl":"https:\/\/oenobois.com\/app\/uploads\/2023\/07\/logo-oenobois.jpg","width":1226,"height":215,"caption":"Oenobois"},"image":{"@id":"https:\/\/oenobois.com\/en\/#\/schema\/logo\/image\/"}}]}},"_links":{"self":[{"href":"https:\/\/oenobois.com\/en\/wp-json\/wp\/v2\/pages\/2870","targetHints":{"allow":["GET"]}}],"collection":[{"href":"https:\/\/oenobois.com\/en\/wp-json\/wp\/v2\/pages"}],"about":[{"href":"https:\/\/oenobois.com\/en\/wp-json\/wp\/v2\/types\/page"}],"author":[{"embeddable":true,"href":"https:\/\/oenobois.com\/en\/wp-json\/wp\/v2\/users\/2"}],"replies":[{"embeddable":true,"href":"https:\/\/oenobois.com\/en\/wp-json\/wp\/v2\/comments?post=2870"}],"version-history":[{"count":17,"href":"https:\/\/oenobois.com\/en\/wp-json\/wp\/v2\/pages\/2870\/revisions"}],"predecessor-version":[{"id":4401,"href":"https:\/\/oenobois.com\/en\/wp-json\/wp\/v2\/pages\/2870\/revisions\/4401"}],"wp:attachment":[{"href":"https:\/\/oenobois.com\/en\/wp-json\/wp\/v2\/media?parent=2870"}],"curies":[{"name":"wp","href":"https:\/\/api.w.org\/{rel}","templated":true}]}}