{"id":2876,"date":"2023-06-19T15:42:29","date_gmt":"2023-06-19T13:42:29","guid":{"rendered":"https:\/\/oenobois.com\/contenus-techniques\/"},"modified":"2023-11-22T14:23:26","modified_gmt":"2023-11-22T13:23:26","slug":"technical-content","status":"publish","type":"page","link":"https:\/\/oenobois.com\/en\/technical-content\/","title":{"rendered":"Technical content"},"content":{"rendered":"<section class=\"block-hero-homepage position-relative bg-secondary text-white pb-7 o-homeHero\">\n    <img decoding=\"async\" src=\"https:\/\/oenobois.com\/app\/uploads\/2023\/06\/staves-et-vin-homepage-9-scaled.jpg\" \n        class=\"position-absolute top-0 start-0 h-100 w-100 o-homeHero__backgroundImg\"\n        alt=\"douelle dans le vin\"\n        title=\"staves-et-vin-homepage-9\"\n    \/>\n    <div class=\"position-absolute top-0 start-0 w-100 o-homeHero__overlay\"><\/div>\n\n    <div class=\"container-medium position-relative z-1\">\n        <div class=\"o-homeHero__header d-flex flex-column justify-content-end align-items-start py-3\">\n            <h1 class=\"o-homeHero__title mb-4 mb-lg-5 mb-xl-6\">Technical <br>content<\/h1>\n            <a class=\"text-decoration-none text-white d-flex o-homeHero__scroll\" href=\"#about\">\n                    \n<svg xmlns=\"http:\/\/www.w3.org\/2000\/svg\" width=\"20.707\" height=\"20.707\" viewBox=\"0 0 20.707 20.707\">\n    <g transform=\"translate(21.354 -20) rotate(90)\">\n        <path d=\"M60,20.354l10-10-10-10\" transform=\"translate(-30 0.646)\" fill=\"none\" stroke=\"#fff\" stroke-miterlimit=\"10\" stroke-width=\"1\"\/>\n        <line x2=\"20\" transform=\"translate(20 11)\" fill=\"none\" stroke=\"#fff\" stroke-miterlimit=\"10\" stroke-width=\"1\"\/>\n    <\/g>\n<\/svg>                <span class=\"ms-1\">Scroll to discover<\/span>\n            <\/a>\n        <\/div>\n    <\/div>\n\n    <div class=\"container-narrow position-relative z-1\">\n        <div class=\"mt-6 mb-5 o-homeHero__description\" id=\"about\">\n            <p>\u0152nobois provides expertise to help you in your wine-making process. We offer technical booklets, protocols and webinars to help you choose the wood best suited to your objectives. We also are at your disposal for personalised advice.<\/p>\n\n        <\/div>\n        <a class=\"btn btn-outline-primary\" href=\"https:\/\/oenobois.com\/contenus-techniques\/#fichetechnique\"\n        target=\"_self\">\n            Technical content\n        <\/a>\n    <\/div>\n\n<\/section>\n\n\n<div id=\"fichetechnique\"><\/div>\n\n\n<section class=\"block-links-list o-linksList py-5 py-md-6 bg-light position-relative\">\n    <div class=\"container-medium\">\n        <h2 class=\"o-linksList__title\">Downloadable files<\/h2>\n \n        <div class=\"mt-3\">\n            <ul class=\"list-group t-linksList -links \">\n\n    \n        \n            \n        <li class=\"list-group-item border-start-0 border-end-0 rounded-0 px-0 py-4 overflow-hidden t-linksList__item\">\n            <div class=\"row gx-5\">\n                <div class=\"col-12 col-md-3\">\n                    <h4 class=\"t-linksList__title mb-2 mb-md-0\">\n                        Working with wood in winemaking\n                        \n                    <\/h4>\n                <\/div>\n\n                <div class=\"col-12 col-md-4 t-linksList__description\">\n                    <div class=\"mb-3 mb-md-0\">\n                        Oenological woods are interesting for technical vintages because they respond to specific problems such as reducing the vegetal content, preserving the fruit, or coating green tannins without concentrating them.\n                        \n                    <\/div>\n                <\/div>\n\n                <div class=\"col col-md-auto ms-md-auto d-flex justify-content-md-end align-items-center\">\n                                            <a class=\"text-decoration-none text-secondary t-linksList__link\" href=\"https:\/\/oenobois.com\/app\/uploads\/2023\/11\/EN_LP_LE_TRAVAIL_DU_BOIS_EN_VINIFICATION.pdf\"\n                        target=\"_blank\">\n                            <span class=\"d-md-none me-2\"><\/span>\n                                \n\n<svg xmlns=\"http:\/\/www.w3.org\/2000\/svg\" xmlns:xlink=\"http:\/\/www.w3.org\/1999\/xlink\" width=\"80\" height=\"40\" viewBox=\"0 0 80 40\">\n    <defs>\n        <clipPath id=\"clip-path-arrow-right-big\">\n        <rect width=\"80\" height=\"40\" fill=\"none\"\/>\n        <\/clipPath>\n    <\/defs>\n    <g clip-path=\"url(#clip-path-arrow-right-big)\">\n        <path d=\"M60,39.659,79.825,20.006,60,.354\" transform=\"translate(-0.526 -0.006)\" fill=\"none\" stroke=\"#000\" stroke-miterlimit=\"10\" stroke-width=\"1\"\/>\n        <line x2=\"79.299\" transform=\"translate(0 20)\" fill=\"none\" stroke=\"#000\" stroke-miterlimit=\"10\" stroke-width=\"1\"\/>\n    <\/g>\n<\/svg>                        <\/a>\n\n                                    <\/div>\n            <\/div>\n        <\/li>\n            \n        <li class=\"list-group-item border-start-0 border-end-0 rounded-0 px-0 py-4 overflow-hidden t-linksList__item\">\n            <div class=\"row gx-5\">\n                <div class=\"col-12 col-md-3\">\n                    <h4 class=\"t-linksList__title mb-2 mb-md-0\">\n                        Wood in ageing\n                        \n                    <\/h4>\n                <\/div>\n\n                <div class=\"col-12 col-md-4 t-linksList__description\">\n                    <div class=\"mb-3 mb-md-0\">\n                        The use of oenological wood allows us to address a range of issues, such as adding volume, reducing vegetal character and enhancing aromatic complexity.\n                        \n                    <\/div>\n                <\/div>\n\n                <div class=\"col col-md-auto ms-md-auto d-flex justify-content-md-end align-items-center\">\n                                            <a class=\"text-decoration-none text-secondary t-linksList__link\" href=\"https:\/\/oenobois.com\/app\/uploads\/2023\/11\/EN_LP_LE_BOIS_EN_ELEVAGE.pdf\"\n                        target=\"_blank\">\n                            <span class=\"d-md-none me-2\"><\/span>\n                                \n\n<svg xmlns=\"http:\/\/www.w3.org\/2000\/svg\" xmlns:xlink=\"http:\/\/www.w3.org\/1999\/xlink\" width=\"80\" height=\"40\" viewBox=\"0 0 80 40\">\n    <defs>\n        <clipPath id=\"clip-path-arrow-right-big\">\n        <rect width=\"80\" height=\"40\" fill=\"none\"\/>\n        <\/clipPath>\n    <\/defs>\n    <g clip-path=\"url(#clip-path-arrow-right-big)\">\n        <path d=\"M60,39.659,79.825,20.006,60,.354\" transform=\"translate(-0.526 -0.006)\" fill=\"none\" stroke=\"#000\" stroke-miterlimit=\"10\" stroke-width=\"1\"\/>\n        <line x2=\"79.299\" transform=\"translate(0 20)\" fill=\"none\" stroke=\"#000\" stroke-miterlimit=\"10\" stroke-width=\"1\"\/>\n    <\/g>\n<\/svg>                        <\/a>\n\n                                    <\/div>\n            <\/div>\n        <\/li>\n    \n<\/ul>        <\/div>\n\n    <\/div>\n<\/section>\n\n\n<div class=\"wp-block-cover\"><span aria-hidden=\"true\" class=\"wp-block-cover__background has-background-dim\"><\/span><img loading=\"lazy\" decoding=\"async\" width=\"1920\" height=\"1281\" class=\"wp-block-cover__image-background wp-image-1493\" alt=\"\" src=\"https:\/\/oenobois.com\/app\/uploads\/2023\/06\/qualite-1.jpg\" data-object-fit=\"cover\" srcset=\"https:\/\/oenobois.com\/app\/uploads\/2023\/06\/qualite-1.jpg 1920w, https:\/\/oenobois.com\/app\/uploads\/2023\/06\/qualite-1-300x200.jpg 300w, https:\/\/oenobois.com\/app\/uploads\/2023\/06\/qualite-1-1024x683.jpg 1024w, https:\/\/oenobois.com\/app\/uploads\/2023\/06\/qualite-1-768x512.jpg 768w, https:\/\/oenobois.com\/app\/uploads\/2023\/06\/qualite-1-1536x1025.jpg 1536w\" sizes=\"auto, (max-width: 1920px) 100vw, 1920px\" \/><div class=\"wp-block-cover__inner-container is-layout-flow wp-block-cover-is-layout-flow\">\n<h2 class=\"wp-block-heading has-text-align-center\">need help ?<\/h2>\n\n\n\n<div style=\"height:65px\" aria-hidden=\"true\" class=\"wp-block-spacer\"><\/div>\n\n\n\n<div class=\"wp-block-buttons is-content-justification-center is-layout-flex wp-container-core-buttons-is-layout-16018d1d wp-block-buttons-is-layout-flex\">\n<div class=\"wp-block-button btn btn-outline-primary\"><a class=\"wp-block-button__link has-background has-text-align-center wp-element-button\" href=\"https:\/\/oenobois.com\/en\/aide-au-choix\/\" style=\"background-color:#ffffff05\">Discover our decision-making tool<\/a><\/div>\n<\/div>\n<\/div><\/div>\n","protected":false},"excerpt":{"rendered":"","protected":false},"author":2,"featured_media":0,"parent":0,"menu_order":18,"comment_status":"closed","ping_status":"closed","template":"page-templates\/page-blank.php","meta":{"_acf_changed":false,"footnotes":""},"class_list":["post-2876","page","type-page","status-publish","hentry"],"acf":[],"yoast_head":"<!-- This site is optimized with the Yoast SEO plugin v27.4 - https:\/\/yoast.com\/product\/yoast-seo-wordpress\/ -->\n<title>Technical content Oenobois pour bien orienter votre projet vinicole<\/title>\n<meta name=\"description\" content=\"\u0152nobois vous accompagne dans l\u2019\u00e9laboration de vos vins, gr\u00e2ce \u00e0 des infos techniques, pour vous aider \u00e0 choisir le bois le plus adapt\u00e9.\" \/>\n<meta name=\"robots\" content=\"index, follow, max-snippet:-1, max-image-preview:large, max-video-preview:-1\" \/>\n<link rel=\"canonical\" href=\"https:\/\/oenobois.com\/en\/technical-content\/\" \/>\n<meta property=\"og:locale\" content=\"en_US\" \/>\n<meta property=\"og:type\" content=\"article\" \/>\n<meta property=\"og:title\" content=\"Technical content Oenobois pour bien orienter votre projet vinicole\" \/>\n<meta property=\"og:description\" content=\"\u0152nobois vous accompagne dans l\u2019\u00e9laboration de vos vins, gr\u00e2ce \u00e0 des infos techniques, pour vous aider \u00e0 choisir le bois le plus adapt\u00e9.\" \/>\n<meta property=\"og:url\" content=\"https:\/\/oenobois.com\/en\/technical-content\/\" \/>\n<meta property=\"og:site_name\" content=\"Oenobois\" \/>\n<meta property=\"article:modified_time\" content=\"2023-11-22T13:23:26+00:00\" \/>\n<meta property=\"og:image\" content=\"https:\/\/oenobois.com\/app\/uploads\/2023\/06\/qualite-1.jpg\" \/>\n<meta name=\"twitter:card\" content=\"summary_large_image\" \/>\n<script type=\"application\/ld+json\" class=\"yoast-schema-graph\">{\"@context\":\"https:\\\/\\\/schema.org\",\"@graph\":[{\"@type\":\"WebPage\",\"@id\":\"https:\\\/\\\/oenobois.com\\\/en\\\/technical-content\\\/\",\"url\":\"https:\\\/\\\/oenobois.com\\\/en\\\/technical-content\\\/\",\"name\":\"Technical content Oenobois pour bien orienter votre projet vinicole\",\"isPartOf\":{\"@id\":\"https:\\\/\\\/oenobois.com\\\/en\\\/#website\"},\"primaryImageOfPage\":{\"@id\":\"https:\\\/\\\/oenobois.com\\\/en\\\/technical-content\\\/#primaryimage\"},\"image\":{\"@id\":\"https:\\\/\\\/oenobois.com\\\/en\\\/technical-content\\\/#primaryimage\"},\"thumbnailUrl\":\"https:\\\/\\\/oenobois.com\\\/app\\\/uploads\\\/2023\\\/06\\\/qualite-1.jpg\",\"datePublished\":\"2023-06-19T13:42:29+00:00\",\"dateModified\":\"2023-11-22T13:23:26+00:00\",\"description\":\"\u0152nobois vous accompagne dans l\u2019\u00e9laboration de vos vins, gr\u00e2ce \u00e0 des infos techniques, pour vous aider \u00e0 choisir le bois le plus adapt\u00e9.\",\"inLanguage\":\"en-US\",\"potentialAction\":[{\"@type\":\"ReadAction\",\"target\":[\"https:\\\/\\\/oenobois.com\\\/en\\\/technical-content\\\/\"]}]},{\"@type\":\"ImageObject\",\"inLanguage\":\"en-US\",\"@id\":\"https:\\\/\\\/oenobois.com\\\/en\\\/technical-content\\\/#primaryimage\",\"url\":\"https:\\\/\\\/oenobois.com\\\/app\\\/uploads\\\/2023\\\/06\\\/qualite-1.jpg\",\"contentUrl\":\"https:\\\/\\\/oenobois.com\\\/app\\\/uploads\\\/2023\\\/06\\\/qualite-1.jpg\"},{\"@type\":\"WebSite\",\"@id\":\"https:\\\/\\\/oenobois.com\\\/en\\\/#website\",\"url\":\"https:\\\/\\\/oenobois.com\\\/en\\\/\",\"name\":\"Oenobois\",\"description\":\"Au coeur du vin\",\"publisher\":{\"@id\":\"https:\\\/\\\/oenobois.com\\\/en\\\/#organization\"},\"potentialAction\":[{\"@type\":\"SearchAction\",\"target\":{\"@type\":\"EntryPoint\",\"urlTemplate\":\"https:\\\/\\\/oenobois.com\\\/en\\\/?s={search_term_string}\"},\"query-input\":{\"@type\":\"PropertyValueSpecification\",\"valueRequired\":true,\"valueName\":\"search_term_string\"}}],\"inLanguage\":\"en-US\"},{\"@type\":\"Organization\",\"@id\":\"https:\\\/\\\/oenobois.com\\\/en\\\/#organization\",\"name\":\"Oenobois\",\"url\":\"https:\\\/\\\/oenobois.com\\\/en\\\/\",\"logo\":{\"@type\":\"ImageObject\",\"inLanguage\":\"en-US\",\"@id\":\"https:\\\/\\\/oenobois.com\\\/en\\\/#\\\/schema\\\/logo\\\/image\\\/\",\"url\":\"https:\\\/\\\/oenobois.com\\\/app\\\/uploads\\\/2023\\\/07\\\/logo-oenobois.jpg\",\"contentUrl\":\"https:\\\/\\\/oenobois.com\\\/app\\\/uploads\\\/2023\\\/07\\\/logo-oenobois.jpg\",\"width\":1226,\"height\":215,\"caption\":\"Oenobois\"},\"image\":{\"@id\":\"https:\\\/\\\/oenobois.com\\\/en\\\/#\\\/schema\\\/logo\\\/image\\\/\"}}]}<\/script>\n<!-- \/ Yoast SEO plugin. -->","yoast_head_json":{"title":"Technical content Oenobois pour bien orienter votre projet vinicole","description":"\u0152nobois vous accompagne dans l\u2019\u00e9laboration de vos vins, gr\u00e2ce \u00e0 des infos techniques, pour vous aider \u00e0 choisir le bois le plus adapt\u00e9.","robots":{"index":"index","follow":"follow","max-snippet":"max-snippet:-1","max-image-preview":"max-image-preview:large","max-video-preview":"max-video-preview:-1"},"canonical":"https:\/\/oenobois.com\/en\/technical-content\/","og_locale":"en_US","og_type":"article","og_title":"Technical content Oenobois pour bien orienter votre projet vinicole","og_description":"\u0152nobois vous accompagne dans l\u2019\u00e9laboration de vos vins, gr\u00e2ce \u00e0 des infos techniques, pour vous aider \u00e0 choisir le bois le plus adapt\u00e9.","og_url":"https:\/\/oenobois.com\/en\/technical-content\/","og_site_name":"Oenobois","article_modified_time":"2023-11-22T13:23:26+00:00","og_image":[{"url":"https:\/\/oenobois.com\/app\/uploads\/2023\/06\/qualite-1.jpg","type":"","width":"","height":""}],"twitter_card":"summary_large_image","schema":{"@context":"https:\/\/schema.org","@graph":[{"@type":"WebPage","@id":"https:\/\/oenobois.com\/en\/technical-content\/","url":"https:\/\/oenobois.com\/en\/technical-content\/","name":"Technical content Oenobois pour bien orienter votre projet vinicole","isPartOf":{"@id":"https:\/\/oenobois.com\/en\/#website"},"primaryImageOfPage":{"@id":"https:\/\/oenobois.com\/en\/technical-content\/#primaryimage"},"image":{"@id":"https:\/\/oenobois.com\/en\/technical-content\/#primaryimage"},"thumbnailUrl":"https:\/\/oenobois.com\/app\/uploads\/2023\/06\/qualite-1.jpg","datePublished":"2023-06-19T13:42:29+00:00","dateModified":"2023-11-22T13:23:26+00:00","description":"\u0152nobois vous accompagne dans l\u2019\u00e9laboration de vos vins, gr\u00e2ce \u00e0 des infos techniques, pour vous aider \u00e0 choisir le bois le plus adapt\u00e9.","inLanguage":"en-US","potentialAction":[{"@type":"ReadAction","target":["https:\/\/oenobois.com\/en\/technical-content\/"]}]},{"@type":"ImageObject","inLanguage":"en-US","@id":"https:\/\/oenobois.com\/en\/technical-content\/#primaryimage","url":"https:\/\/oenobois.com\/app\/uploads\/2023\/06\/qualite-1.jpg","contentUrl":"https:\/\/oenobois.com\/app\/uploads\/2023\/06\/qualite-1.jpg"},{"@type":"WebSite","@id":"https:\/\/oenobois.com\/en\/#website","url":"https:\/\/oenobois.com\/en\/","name":"Oenobois","description":"Au coeur du vin","publisher":{"@id":"https:\/\/oenobois.com\/en\/#organization"},"potentialAction":[{"@type":"SearchAction","target":{"@type":"EntryPoint","urlTemplate":"https:\/\/oenobois.com\/en\/?s={search_term_string}"},"query-input":{"@type":"PropertyValueSpecification","valueRequired":true,"valueName":"search_term_string"}}],"inLanguage":"en-US"},{"@type":"Organization","@id":"https:\/\/oenobois.com\/en\/#organization","name":"Oenobois","url":"https:\/\/oenobois.com\/en\/","logo":{"@type":"ImageObject","inLanguage":"en-US","@id":"https:\/\/oenobois.com\/en\/#\/schema\/logo\/image\/","url":"https:\/\/oenobois.com\/app\/uploads\/2023\/07\/logo-oenobois.jpg","contentUrl":"https:\/\/oenobois.com\/app\/uploads\/2023\/07\/logo-oenobois.jpg","width":1226,"height":215,"caption":"Oenobois"},"image":{"@id":"https:\/\/oenobois.com\/en\/#\/schema\/logo\/image\/"}}]}},"_links":{"self":[{"href":"https:\/\/oenobois.com\/en\/wp-json\/wp\/v2\/pages\/2876","targetHints":{"allow":["GET"]}}],"collection":[{"href":"https:\/\/oenobois.com\/en\/wp-json\/wp\/v2\/pages"}],"about":[{"href":"https:\/\/oenobois.com\/en\/wp-json\/wp\/v2\/types\/page"}],"author":[{"embeddable":true,"href":"https:\/\/oenobois.com\/en\/wp-json\/wp\/v2\/users\/2"}],"replies":[{"embeddable":true,"href":"https:\/\/oenobois.com\/en\/wp-json\/wp\/v2\/comments?post=2876"}],"version-history":[{"count":13,"href":"https:\/\/oenobois.com\/en\/wp-json\/wp\/v2\/pages\/2876\/revisions"}],"predecessor-version":[{"id":5277,"href":"https:\/\/oenobois.com\/en\/wp-json\/wp\/v2\/pages\/2876\/revisions\/5277"}],"wp:attachment":[{"href":"https:\/\/oenobois.com\/en\/wp-json\/wp\/v2\/media?parent=2876"}],"curies":[{"name":"wp","href":"https:\/\/api.w.org\/{rel}","templated":true}]}}