{"id":2389,"date":"2023-04-13T09:12:03","date_gmt":"2023-04-13T07:12:03","guid":{"rendered":"https:\/\/oenobois.com\/qui-sommes-nous\/"},"modified":"2023-10-17T17:09:59","modified_gmt":"2023-10-17T15:09:59","slug":"quienes-somos","status":"publish","type":"page","link":"https:\/\/oenobois.com\/es\/quienes-somos\/","title":{"rendered":"\u00bfQui\u00e9nes somos?"},"content":{"rendered":"<section class=\"block-hero-homepage position-relative bg-secondary text-white pb-7 o-homeHero\">\n    <img decoding=\"async\" src=\"https:\/\/oenobois.com\/app\/uploads\/2023\/07\/header-page-qui-sommes-nous-scaled.jpg\" \n        class=\"position-absolute top-0 start-0 h-100 w-100 o-homeHero__backgroundImg\"\n        alt=\"3d dans le vin \"\n        title=\"header-page-qui-sommes-nous\"\n    \/>\n    <div class=\"position-absolute top-0 start-0 w-100 o-homeHero__overlay\"><\/div>\n\n    <div class=\"container-medium position-relative z-1\">\n        <div class=\"o-homeHero__header d-flex flex-column justify-content-end align-items-start py-3\">\n            <h1 class=\"o-homeHero__title mb-4 mb-lg-5 mb-xl-6\">\u0152nobois,<br\/>AU C\u0152UR<br\/>DU VIN<\/h1>\n            <a class=\"text-decoration-none text-white d-flex o-homeHero__scroll\" href=\"#about\">\n                    \n<svg xmlns=\"http:\/\/www.w3.org\/2000\/svg\" width=\"20.707\" height=\"20.707\" viewBox=\"0 0 20.707 20.707\">\n    <g transform=\"translate(21.354 -20) rotate(90)\">\n        <path d=\"M60,20.354l10-10-10-10\" transform=\"translate(-30 0.646)\" fill=\"none\" stroke=\"#fff\" stroke-miterlimit=\"10\" stroke-width=\"1\"\/>\n        <line x2=\"20\" transform=\"translate(20 11)\" fill=\"none\" stroke=\"#fff\" stroke-miterlimit=\"10\" stroke-width=\"1\"\/>\n    <\/g>\n<\/svg>                <span class=\"ms-1\">Baje para descubrir<\/span>\n            <\/a>\n        <\/div>\n    <\/div>\n\n    <div class=\"container-narrow position-relative z-1\">\n        <div class=\"mt-6 mb-5 o-homeHero__description\" id=\"about\">\n            <p>Implantados en Burdeos desde hace m\u00e1s de 20 a\u00f1os, producimos madera para la enolog\u00eda.<\/p>\n\n        <\/div>\n        <a class=\"btn btn-outline-primary\" href=\"https:\/\/oenobois.com\/qualite-environnement\/\"\n        target=\"_self\">\n            Ver nuestro enfoque Calidad y RSE\n        <\/a>\n    <\/div>\n\n<\/section>\n\n<section class=\"block-slider o-blockSlider pt-3 pt-md-4 pb-5 pb-md-6 position-relative\">\n    <img decoding=\"async\" src=\"https:\/\/oenobois.com\/app\/themes\/bootscore-child-main\/img\/wood-circles.png\" \n     class=\"d-none d-md-block a-backgroundImg position-absolute top-0 end-0\"\n     alt=\"Background image wood circles\"\n     title=\"Background image wood circles\">\n\n    <div class=\"container-medium\">\n\n        <h2 class=\"o-blockSlider__title\"><\/h2>\n\n        <div class=\"mt-4\">\n            <div class=\"glide\">\n            \n                <div class=\"glide__track\" data-glide-el=\"track\">\n                    <div class=\"glide__slides\">\n                                            <div class=\"glide__slide\">\n\n                            <div class=\"row\">\n                                <div class=\"col-12 col-md-5\">\n                                    <img decoding=\"async\" src=\"https:\/\/oenobois.com\/app\/uploads\/2023\/06\/lamothe-abiet-1.jpg\" \n                                        class=\"o-blockSlider__slideImg mb-3 mb-md-0\"\n                                        alt=\"vin lamothe abiet \"\n                                        title=\"lamothe-abiet\"\n                                    \/>\n                                <\/div>\n                                <div class=\"col-12 col-md-7 d-flex flex-column justify-content-center align-items-center\">\n                                    <div class=\"o-blockSlider__slideText\">\n                                        <h3 class=\"o-blockSlider__slideTitle pb-1 pb-md-0 mb-3 mb-md-1 border-bottom border-secondary\">\n                                            Sinergia\n                                        <\/h3>\n                                        <p class=\"o-blockSlider__slideDescription\">\n                                            La sinergia con  <b>Lamothe-Abiet<\/b>, que colabora con los viticultores desde 1878, nos aporta un conocimiento real tanto de la elaboraci\u00f3n del vino como de los perfiles que buscan nuestros clientes.\n                                        <\/p>\n                                    <\/div>\n                                <\/div>\n                            <\/div>\n\n                        <\/div>\n                                            <div class=\"glide__slide\">\n\n                            <div class=\"row\">\n                                <div class=\"col-12 col-md-5\">\n                                    <img decoding=\"async\" src=\"https:\/\/oenobois.com\/app\/uploads\/2023\/06\/STICKS-3-CHAUFFE-PAGE-GAMME.jpg\" \n                                        class=\"o-blockSlider__slideImg mb-3 mb-md-0\"\n                                        alt=\"sticks pour l'oenologie\"\n                                        title=\"STICKS 3 CHAUFFE PAGE GAMME\"\n                                    \/>\n                                <\/div>\n                                <div class=\"col-12 col-md-7 d-flex flex-column justify-content-center align-items-center\">\n                                    <div class=\"o-blockSlider__slideText\">\n                                        <h3 class=\"o-blockSlider__slideTitle pb-1 pb-md-0 mb-3 mb-md-1 border-bottom border-secondary\">\n                                            A medida \n                                        <\/h3>\n                                        <p class=\"o-blockSlider__slideDescription\">\n                                            En \u0152nobois, le ofrecemos un enfoque personalizado, con una amplia gama de maderas seleccionadas espec\u00edficamente para satisfacer los objetivos de producci\u00f3n deseados. Ya sea para aportar estructura, dulzor o perfiles arom\u00e1ticos, disponemos de maderas excepcionales que pueden utilizarse para elaborar vinos de guarda con gran complejidad y equilibrio.\n                                        <\/p>\n                                    <\/div>\n                                <\/div>\n                            <\/div>\n\n                        <\/div>\n                                            <div class=\"glide__slide\">\n\n                            <div class=\"row\">\n                                <div class=\"col-12 col-md-5\">\n                                    <img decoding=\"async\" src=\"https:\/\/oenobois.com\/app\/uploads\/2023\/06\/respect-du-bois-1.jpg\" \n                                        class=\"o-blockSlider__slideImg mb-3 mb-md-0\"\n                                        alt=\"mati\u00e8re premi\u00e8re bois pour l'oenologie \"\n                                        title=\"respect-du-bois\"\n                                    \/>\n                                <\/div>\n                                <div class=\"col-12 col-md-7 d-flex flex-column justify-content-center align-items-center\">\n                                    <div class=\"o-blockSlider__slideText\">\n                                        <h3 class=\"o-blockSlider__slideTitle pb-1 pb-md-0 mb-3 mb-md-1 border-bottom border-secondary\">\n                                            Rigor\n                                        <\/h3>\n                                        <p class=\"o-blockSlider__slideDescription\">\n                                            El rigor es la clave. Seleccionamos materias primas de la m\u00e1s alta calidad para la producci\u00f3n de nuestras maderas enol\u00f3gicas. Gracias a nuestros amplios conocimientos sobre las caracter\u00edsticas organol\u00e9pticas de las distintas variedades de roble, somos capaces de realizar una selecci\u00f3n precisa y meticulosa para nuestros productos.\n                                        <\/p>\n                                    <\/div>\n                                <\/div>\n                            <\/div>\n\n                        <\/div>\n                                            <div class=\"glide__slide\">\n\n                            <div class=\"row\">\n                                <div class=\"col-12 col-md-5\">\n                                    <img decoding=\"async\" src=\"https:\/\/oenobois.com\/app\/uploads\/2023\/05\/oenobois_website-home-rassurance-bois_biologique.jpg\" \n                                        class=\"o-blockSlider__slideImg mb-3 mb-md-0\"\n                                        alt=\"\"\n                                        title=\"oenobois_website-home-rassurance-bois_biologique\"\n                                    \/>\n                                <\/div>\n                                <div class=\"col-12 col-md-7 d-flex flex-column justify-content-center align-items-center\">\n                                    <div class=\"o-blockSlider__slideText\">\n                                        <h3 class=\"o-blockSlider__slideTitle pb-1 pb-md-0 mb-3 mb-md-1 border-bottom border-secondary\">\n                                            Madera excepcional \n                                        <\/h3>\n                                        <p class=\"o-blockSlider__slideDescription\">\n                                            Nuestro abastecimiento se centra exclusivamente en el roble franc\u00e9s (<i>Quercus petraea<\/i> y <i>Quercus robur<\/i>) y el roble americano (<i>Quercus alba<\/i>). Adem\u00e1s, nuestro parque de maduraci\u00f3n ubicado en el suroeste de Francia garantiza las condiciones ideales para el envejecimiento natural de la madera durante un periodo m\u00ednimo de 24 meses.\n                                        <\/p>\n                                    <\/div>\n                                <\/div>\n                            <\/div>\n\n                        <\/div>\n                                        <\/div>\n                <\/div>\n\n                <div class=\"glide__bullets position-static d-flex mt-3 mt-md-5 justify-content-center row gx-2 o-blockSlider__nav\" data-glide-el=\"controls[nav]\">\n                                                                <div class=\"glide__bullet col-md o-blockSlider__navItem\" data-glide-dir=\"=0\">\n                            <h4 class=\"d-none d-md-block pb-2 mb-0 border-bottom border-secondary\">\n                                Sinergia\n                            <\/h4>\n                        <\/div>\n                                                                    <div class=\"glide__bullet col-md o-blockSlider__navItem\" data-glide-dir=\"=1\">\n                            <h4 class=\"d-none d-md-block pb-2 mb-0 border-bottom border-secondary\">\n                                A medida \n                            <\/h4>\n                        <\/div>\n                                                                    <div class=\"glide__bullet col-md o-blockSlider__navItem\" data-glide-dir=\"=2\">\n                            <h4 class=\"d-none d-md-block pb-2 mb-0 border-bottom border-secondary\">\n                                Rigor\n                            <\/h4>\n                        <\/div>\n                                                                    <div class=\"glide__bullet col-md o-blockSlider__navItem\" data-glide-dir=\"=3\">\n                            <h4 class=\"d-none d-md-block pb-2 mb-0 border-bottom border-secondary\">\n                                Madera excepcional \n                            <\/h4>\n                        <\/div>\n                                                            <\/div>\n\n            <\/div>\n        <\/div>\n\n    <\/div>\n<\/section>\n\n\n<div class=\"wp-block-columns aide-presentation-cols container-base is-layout-flex wp-container-core-columns-is-layout-9d6595d7 wp-block-columns-is-layout-flex\">\n<div class=\"wp-block-column ps-5 is-layout-flow wp-block-column-is-layout-flow\" style=\"flex-basis:40%\">\n<h2 class=\"wp-block-heading\">Notre savoir-faire<\/h2>\n\n\n\n<p>\u0152nobois s\u2019appuie sur une \u00e9quipe talentueuse et des technologies de pointe pour garantir l&#8217;excellence de ses produits. Nos 14 collaborateurs exp\u00e9riment\u00e9s travaillent avec un outil de production innovant.<\/p>\n\n\n\n<p>Chaque \u00e9tape cruciale de notre processus, telle que la maturation, le broyage, les contr\u00f4les visuels et les emballages, est soumise \u00e0 des normes rigoureuses. Cette approche m\u00e9thodique nous permet d&#8217;assurer l&#8217;uniformit\u00e9 et la reproductibilit\u00e9 de nos produits.<\/p>\n\n\n\n<div style=\"height:30px\" aria-hidden=\"true\" class=\"wp-block-spacer\"><\/div>\n\n\n\n<figure class=\"wp-block-image size-full ps-4\"><img loading=\"lazy\" decoding=\"async\" width=\"353\" height=\"284\" src=\"https:\/\/oenobois.com\/app\/uploads\/2023\/07\/presentation-2.jpg\" alt=\"\" class=\"wp-image-1637\" srcset=\"https:\/\/oenobois.com\/app\/uploads\/2023\/07\/presentation-2.jpg 353w, https:\/\/oenobois.com\/app\/uploads\/2023\/07\/presentation-2-300x241.jpg 300w\" sizes=\"auto, (max-width: 353px) 100vw, 353px\" \/><\/figure>\n<\/div>\n\n\n\n<div class=\"wp-block-column is-layout-flow wp-block-column-is-layout-flow\" style=\"flex-basis:10%\"><\/div>\n\n\n\n<div class=\"wp-block-column is-layout-flow wp-block-column-is-layout-flow\" style=\"flex-basis:50%\">\n<div class=\"wp-block-cover is-light has-small-font-size\" style=\"min-height:650px;aspect-ratio:unset;\"><span aria-hidden=\"true\" class=\"wp-block-cover__background has-background-dim-0 has-background-dim\"><\/span><img loading=\"lazy\" decoding=\"async\" width=\"730\" height=\"797\" class=\"wp-block-cover__image-background wp-image-3027\" alt=\"\" src=\"https:\/\/oenobois.com\/app\/uploads\/2023\/07\/SAVOIR-FAIRE-OENOBOIS.jpg\" data-object-fit=\"cover\" srcset=\"https:\/\/oenobois.com\/app\/uploads\/2023\/07\/SAVOIR-FAIRE-OENOBOIS.jpg 730w, https:\/\/oenobois.com\/app\/uploads\/2023\/07\/SAVOIR-FAIRE-OENOBOIS-275x300.jpg 275w\" sizes=\"auto, (max-width: 730px) 100vw, 730px\" \/><div class=\"wp-block-cover__inner-container is-layout-flow wp-block-cover-is-layout-flow\">\n<p class=\"has-text-align-center\"><\/p>\n<\/div><\/div>\n\n\n\n<div style=\"height:35px\" aria-hidden=\"true\" class=\"wp-block-spacer\"><\/div>\n\n\n\n<p>Nous portons une attention particuli\u00e8re \u00e0 la chauffe de nos bois, dans le but de mettre en valeur leur potentiel aromatique ainsi que leur capacit\u00e9 \u00e0 structurer les vins.<\/p>\n\n\n\n<p>Nos proc\u00e9d\u00e9s de chauffe sont r\u00e9alis\u00e9s par convection d&#8217;air, assurant une chaleur uniforme qui p\u00e9n\u00e8tre au c\u0153ur des produits, garantissant ainsi leur homog\u00e9n\u00e9it\u00e9.<\/p>\n\n\n\n<p>Pour les douelles, nous proc\u00e9dons \u00e9galement \u00e0 une seconde chauffe par radiation en surface qui leur apporte une complexit\u00e9 aromatique suppl\u00e9mentaire.<\/p>\n<\/div>\n<\/div>\n\n\n\n<div style=\"height:50px\" aria-hidden=\"true\" class=\"wp-block-spacer\"><\/div>\n\n\n\n<div class=\"wp-block-columns is-layout-flex wp-container-core-columns-is-layout-9d6595d7 wp-block-columns-is-layout-flex\">\n<div class=\"wp-block-column is-layout-flow wp-block-column-is-layout-flow\" style=\"flex-basis:25%\"><\/div>\n\n\n\n<div class=\"wp-block-column is-layout-flow wp-block-column-is-layout-flow\" style=\"flex-basis:25%\">\n<blockquote class=\"wp-block-quote is-layout-flow wp-block-quote-is-layout-flow\">\n<h2 class=\"wp-block-heading alignwide\" id=\"h2-notre-savoir-faire\" style=\"font-size:48px;font-style:normal;font-weight:500;line-height:1.1;text-transform:none\">En \u0152nobois, nuestro saber hacer excepcional se traduce en productos de la m\u00e1s alta calidad, dise\u00f1ados para sublimar los vinos y destacar el talento de nuestros clientes.<\/h2>\n<\/blockquote>\n<\/div>\n<\/div>\n\n\n\n<div style=\"height:80px\" aria-hidden=\"true\" class=\"wp-block-spacer\"><\/div>\n\n\n<section class=\"block-cta-extend container-base o-blockCta --extend overflow-hidden\">\n    <div class=\"row g-0\">\n\n        <div class=\"col-12 col-md-6 position-relative py-4 pe-md-5 text-white o-blockCta__column -left\" \n    style='--left-bg-color: #C6AE69;'>\n            \n    <h3 class=\"mb-3 o-blockCta__title\">\n        Calidad\n    <\/h3>\n\n            <div class=\"o-blockCta__overlay -left d-none d-md-block\"><\/div>\n        <img decoding=\"async\" src=\"https:\/\/oenobois.com\/app\/uploads\/2023\/06\/qualite-1.jpg\" \n            class=\"mb-3 mb-md-0 o-blockCta__img -left -hoverable\"\n            alt=\"\"\n            title=\"\"\n        \/>\n    \n    <p class=\"mb-4 mb-md-5 o-blockCta__description\">\n        En cumplimiento con nuestras exigencias en materia de calidad, el dise\u00f1o y la comercializaci\u00f3n de nuestros productos \u0152nobois est\u00e1n amparados por la certificaci\u00f3n FSSC22000.\n    <\/p>\n\n    <a class=\"btn o-blockCta__cta btn-outline-light\" \n    href=\"https:\/\/oenobois.com\/qualite-environnement#qualite\"\n    target=\"_self\">\n        Saber m\u00e1s\n    <\/a>\n<\/div>                  \n        <div class=\"col-12 col-md-6 position-relative py-4 ps-md-5 text-white o-blockCta__column -right\" \n    style='--right-bg-color: #26231D;'>\n            \n    <h3 class=\"mb-3 o-blockCta__title\">\n        Medio ambiente\n    <\/h3>\n\n            <div class=\"o-blockCta__overlay -right d-none d-md-block\"><\/div>\n        <img decoding=\"async\" src=\"https:\/\/oenobois.com\/app\/uploads\/2023\/05\/oenobois_website-home-engagements-environnement.jpg\" \n            class=\"mb-3 mb-md-0 o-blockCta__img -right -hoverable\"\n            alt=\"\"\n            title=\"\"\n        \/>\n    \n    <p class=\"mb-4 mb-md-5 o-blockCta__description\">\n        \u0152nobois contribuye a luchar contra el desperdicio de madera trabajando cotidianamente con los recortes de madera que no han sido seleccionados para las duelas. Con esta noble materia prima, producimos nuestra madera para enolog\u00eda de forma precisa y repetible.\n    <\/p>\n\n    <a class=\"btn o-blockCta__cta btn-outline-primary\" \n    href=\"https:\/\/oenobois.com\/qualite-environnement#environnement\"\n    target=\"_self\">\n        Saber m\u00e1s\n    <\/a>\n<\/div>\n    <\/div>\n<\/section>","protected":false},"excerpt":{"rendered":"<p>En \u0152nobois, nuestro saber hacer excepcional se traduce en productos de la m\u00e1s alta calidad, dise\u00f1ados para sublimar los vinos y destacar el talento de nuestros clientes.<\/p>\n","protected":false},"author":2,"featured_media":0,"parent":0,"menu_order":8,"comment_status":"closed","ping_status":"closed","template":"page-templates\/page-blank.php","meta":{"_acf_changed":false,"footnotes":""},"class_list":["post-2389","page","type-page","status-publish","hentry"],"acf":[],"yoast_head":"<!-- This site is optimized with the Yoast SEO plugin v27.4 - https:\/\/yoast.com\/product\/yoast-seo-wordpress\/ -->\n<title>Oenobois : solutions technologiques pour garantir l&#039;excellence de vos vins<\/title>\n<meta name=\"description\" content=\"Implant\u00e9e \u00e0 Bordeaux depuis plus de 20 ans, nous produisons du bois pour l\u2019\u0153nologie : granulars, copeaux, staves, blocks, sticks et 3D.\" \/>\n<meta name=\"robots\" content=\"index, follow, max-snippet:-1, max-image-preview:large, max-video-preview:-1\" \/>\n<link rel=\"canonical\" href=\"https:\/\/oenobois.com\/es\/quienes-somos\/\" \/>\n<meta property=\"og:locale\" content=\"es_ES\" \/>\n<meta property=\"og:type\" content=\"article\" \/>\n<meta property=\"og:title\" content=\"Oenobois : solutions technologiques pour garantir l&#039;excellence de vos vins\" \/>\n<meta property=\"og:description\" content=\"Implant\u00e9e \u00e0 Bordeaux depuis plus de 20 ans, nous produisons du bois pour l\u2019\u0153nologie : granulars, copeaux, staves, blocks, sticks et 3D.\" \/>\n<meta property=\"og:url\" content=\"https:\/\/oenobois.com\/es\/quienes-somos\/\" \/>\n<meta property=\"og:site_name\" content=\"Oenobois\" \/>\n<meta property=\"article:modified_time\" content=\"2023-10-17T15:09:59+00:00\" \/>\n<meta name=\"twitter:card\" content=\"summary_large_image\" \/>\n<script type=\"application\/ld+json\" class=\"yoast-schema-graph\">{\"@context\":\"https:\\\/\\\/schema.org\",\"@graph\":[{\"@type\":\"WebPage\",\"@id\":\"https:\\\/\\\/oenobois.com\\\/es\\\/quienes-somos\\\/\",\"url\":\"https:\\\/\\\/oenobois.com\\\/es\\\/quienes-somos\\\/\",\"name\":\"Oenobois : solutions technologiques pour garantir l'excellence de vos vins\",\"isPartOf\":{\"@id\":\"https:\\\/\\\/oenobois.com\\\/es\\\/#website\"},\"datePublished\":\"2023-04-13T07:12:03+00:00\",\"dateModified\":\"2023-10-17T15:09:59+00:00\",\"description\":\"Implant\u00e9e \u00e0 Bordeaux depuis plus de 20 ans, nous produisons du bois pour l\u2019\u0153nologie : granulars, copeaux, staves, blocks, sticks et 3D.\",\"inLanguage\":\"es-ES\",\"potentialAction\":[{\"@type\":\"ReadAction\",\"target\":[\"https:\\\/\\\/oenobois.com\\\/es\\\/quienes-somos\\\/\"]}]},{\"@type\":\"WebSite\",\"@id\":\"https:\\\/\\\/oenobois.com\\\/es\\\/#website\",\"url\":\"https:\\\/\\\/oenobois.com\\\/es\\\/\",\"name\":\"Oenobois\",\"description\":\"Au coeur du vin\",\"publisher\":{\"@id\":\"https:\\\/\\\/oenobois.com\\\/es\\\/#organization\"},\"potentialAction\":[{\"@type\":\"SearchAction\",\"target\":{\"@type\":\"EntryPoint\",\"urlTemplate\":\"https:\\\/\\\/oenobois.com\\\/es\\\/?s={search_term_string}\"},\"query-input\":{\"@type\":\"PropertyValueSpecification\",\"valueRequired\":true,\"valueName\":\"search_term_string\"}}],\"inLanguage\":\"es-ES\"},{\"@type\":\"Organization\",\"@id\":\"https:\\\/\\\/oenobois.com\\\/es\\\/#organization\",\"name\":\"Oenobois\",\"url\":\"https:\\\/\\\/oenobois.com\\\/es\\\/\",\"logo\":{\"@type\":\"ImageObject\",\"inLanguage\":\"es-ES\",\"@id\":\"https:\\\/\\\/oenobois.com\\\/es\\\/#\\\/schema\\\/logo\\\/image\\\/\",\"url\":\"https:\\\/\\\/oenobois.com\\\/app\\\/uploads\\\/2023\\\/07\\\/logo-oenobois.jpg\",\"contentUrl\":\"https:\\\/\\\/oenobois.com\\\/app\\\/uploads\\\/2023\\\/07\\\/logo-oenobois.jpg\",\"width\":1226,\"height\":215,\"caption\":\"Oenobois\"},\"image\":{\"@id\":\"https:\\\/\\\/oenobois.com\\\/es\\\/#\\\/schema\\\/logo\\\/image\\\/\"}}]}<\/script>\n<!-- \/ Yoast SEO plugin. -->","yoast_head_json":{"title":"Oenobois : solutions technologiques pour garantir l'excellence de vos vins","description":"Implant\u00e9e \u00e0 Bordeaux depuis plus de 20 ans, nous produisons du bois pour l\u2019\u0153nologie : granulars, copeaux, staves, blocks, sticks et 3D.","robots":{"index":"index","follow":"follow","max-snippet":"max-snippet:-1","max-image-preview":"max-image-preview:large","max-video-preview":"max-video-preview:-1"},"canonical":"https:\/\/oenobois.com\/es\/quienes-somos\/","og_locale":"es_ES","og_type":"article","og_title":"Oenobois : solutions technologiques pour garantir l'excellence de vos vins","og_description":"Implant\u00e9e \u00e0 Bordeaux depuis plus de 20 ans, nous produisons du bois pour l\u2019\u0153nologie : granulars, copeaux, staves, blocks, sticks et 3D.","og_url":"https:\/\/oenobois.com\/es\/quienes-somos\/","og_site_name":"Oenobois","article_modified_time":"2023-10-17T15:09:59+00:00","twitter_card":"summary_large_image","schema":{"@context":"https:\/\/schema.org","@graph":[{"@type":"WebPage","@id":"https:\/\/oenobois.com\/es\/quienes-somos\/","url":"https:\/\/oenobois.com\/es\/quienes-somos\/","name":"Oenobois : solutions technologiques pour garantir l'excellence de vos vins","isPartOf":{"@id":"https:\/\/oenobois.com\/es\/#website"},"datePublished":"2023-04-13T07:12:03+00:00","dateModified":"2023-10-17T15:09:59+00:00","description":"Implant\u00e9e \u00e0 Bordeaux depuis plus de 20 ans, nous produisons du bois pour l\u2019\u0153nologie : granulars, copeaux, staves, blocks, sticks et 3D.","inLanguage":"es-ES","potentialAction":[{"@type":"ReadAction","target":["https:\/\/oenobois.com\/es\/quienes-somos\/"]}]},{"@type":"WebSite","@id":"https:\/\/oenobois.com\/es\/#website","url":"https:\/\/oenobois.com\/es\/","name":"Oenobois","description":"Au coeur du vin","publisher":{"@id":"https:\/\/oenobois.com\/es\/#organization"},"potentialAction":[{"@type":"SearchAction","target":{"@type":"EntryPoint","urlTemplate":"https:\/\/oenobois.com\/es\/?s={search_term_string}"},"query-input":{"@type":"PropertyValueSpecification","valueRequired":true,"valueName":"search_term_string"}}],"inLanguage":"es-ES"},{"@type":"Organization","@id":"https:\/\/oenobois.com\/es\/#organization","name":"Oenobois","url":"https:\/\/oenobois.com\/es\/","logo":{"@type":"ImageObject","inLanguage":"es-ES","@id":"https:\/\/oenobois.com\/es\/#\/schema\/logo\/image\/","url":"https:\/\/oenobois.com\/app\/uploads\/2023\/07\/logo-oenobois.jpg","contentUrl":"https:\/\/oenobois.com\/app\/uploads\/2023\/07\/logo-oenobois.jpg","width":1226,"height":215,"caption":"Oenobois"},"image":{"@id":"https:\/\/oenobois.com\/es\/#\/schema\/logo\/image\/"}}]}},"_links":{"self":[{"href":"https:\/\/oenobois.com\/es\/wp-json\/wp\/v2\/pages\/2389","targetHints":{"allow":["GET"]}}],"collection":[{"href":"https:\/\/oenobois.com\/es\/wp-json\/wp\/v2\/pages"}],"about":[{"href":"https:\/\/oenobois.com\/es\/wp-json\/wp\/v2\/types\/page"}],"author":[{"embeddable":true,"href":"https:\/\/oenobois.com\/es\/wp-json\/wp\/v2\/users\/2"}],"replies":[{"embeddable":true,"href":"https:\/\/oenobois.com\/es\/wp-json\/wp\/v2\/comments?post=2389"}],"version-history":[{"count":23,"href":"https:\/\/oenobois.com\/es\/wp-json\/wp\/v2\/pages\/2389\/revisions"}],"predecessor-version":[{"id":4304,"href":"https:\/\/oenobois.com\/es\/wp-json\/wp\/v2\/pages\/2389\/revisions\/4304"}],"wp:attachment":[{"href":"https:\/\/oenobois.com\/es\/wp-json\/wp\/v2\/media?parent=2389"}],"curies":[{"name":"wp","href":"https:\/\/api.w.org\/{rel}","templated":true}]}}