{"id":2405,"date":"2023-07-10T12:07:24","date_gmt":"2023-07-10T10:07:24","guid":{"rendered":"https:\/\/oenobois.com\/donnees-personnelles\/"},"modified":"2025-02-04T14:47:10","modified_gmt":"2025-02-04T13:47:10","slug":"donnees-personnelles","status":"publish","type":"page","link":"https:\/\/oenobois.com\/es\/donnees-personnelles\/","title":{"rendered":"Datos personales"},"content":{"rendered":"<section class=\"block-wysiwyg o-wysiwyg mb-5\">\n    <div class=\"\">\n        <h3 class=\"o-wysiwyg__title text-primary js-block-title\">\n             \n        <\/h3>\n\n        <div class=\"o-wysiwyg__content\">\n            <p><!-- wp:paragraph --><\/p>\n<p><strong>A. DATOS RECOGIDOS Y TRATADOS<\/strong><br \/>\nDe conformidad con lo dispuesto en el art\u00edculo 5 del Reglamento Europeo 2016\/679, la recogida y tratamiento de los datos de los usuarios de la web se ajusta a los siguientes principios:<\/p>\n<p>Licitud, lealtad y transparencia: los datos s\u00f3lo podr\u00e1n ser recogidos y tratados con el consentimiento del usuario titular de los mismos.<\/p>\n<p>Siempre que se recojan datos personales, se informar\u00e1 al usuario de que se est\u00e1n recogiendo sus datos y con qu\u00e9 fines.<\/p>\n<p>Finalidades limitadas: la recogida y el tratamiento de los datos se llevan a cabo para cumplir una o varias de las finalidades establecidas en el presente aviso legal.<\/p>\n<p>Minimizaci\u00f3n de la recogida y el tratamiento de datos: s\u00f3lo se recogen los datos necesarios para la correcta ejecuci\u00f3n de los objetivos perseguidos por el sitio.<\/p>\n<p>Conservaci\u00f3n de datos reducida en el tiempo: los datos se conservan durante un periodo limitado, del que se informa al usuario. El plazo de conservaci\u00f3n no puede comunicarse al usuario,<\/p>\n<p>Integridad y confidencialidad de los datos recogidos y tratados: el responsable del tratamiento se compromete a garantizar la integridad y confidencialidad de los datos recogidos.<\/p>\n<p>Para ser l\u00edcitos, y de acuerdo con los requisitos del art\u00edculo 6 del Reglamento Europeo 2016\/679, los datos personales solo podr\u00e1n ser recogidos y tratados si se cumple al menos una de las siguientes condiciones:<\/p>\n<p>El usuario ha consentido expresamente el tratamiento<br \/>\nEl tratamiento es necesario para la correcta ejecuci\u00f3n de un contrato<br \/>\nEl tratamiento cumple una obligaci\u00f3n legal<br \/>\nel tratamiento es necesario para proteger los intereses vitales del interesado o de otra persona f\u00edsica<br \/>\nel tratamiento puede ser necesario para el cumplimiento de una misi\u00f3n de inter\u00e9s p\u00fablico o inherente al ejercicio del poder p\u00fablico<br \/>\nel tratamiento y la recogida de datos personales son necesarios para la satisfacci\u00f3n de intereses leg\u00edtimos y privados perseguidos por el responsable del tratamiento o por un tercero<\/p>\n<p>Los datos personales recogidos en el sitio son los siguientes:<\/p>\n<p>Nombre<br \/>\ntel\u00e9fono<br \/>\ncorreo electr\u00f3nico<\/p>\n<p>Estos datos se recogen cuando el Usuario realiza una de las siguientes operaciones en el sitio:<\/p>\n<p>Formulario de contacto<br \/>\nEl responsable del tratamiento conservar\u00e1 todos los datos recogidos en sus sistemas inform\u00e1ticos, en condiciones razonables de seguridad, durante el tiempo necesario para establecer el contacto.<\/p>\n<p>Los datos se recogen y tratan con las siguientes finalidades: Toma de contacto<\/p>\n<p><strong>B. ALOJAMIENTO DEL SITIO<\/strong><br \/>\nComo se menciona en el aviso legal, el sitio est\u00e1 alojado en :<\/p>\n<p>OVH, cuya sede social se encuentra en la siguiente direcci\u00f3n<\/p>\n<p>2 rue Kellermann &#8211; 59100 Roubaix &#8211; Francia<\/p>\n<p>Puede ponerse en contacto con el anfitri\u00f3n en el siguiente n\u00famero de tel\u00e9fono: 1007.<\/p>\n<p>Los datos recogidos y tratados por el sitio se alojan y tratan exclusivamente en Francia.<\/p>\n<p><strong>C. RESPONSABLE DEL TRATAMIENTO<\/strong><br \/>\nDe conformidad con el Reglamento General de Protecci\u00f3n de Datos (RGPD), que entr\u00f3 en vigor el 25 de mayo de 2018 y tiene como objetivo proteger el derecho fundamental a la privacidad y la protecci\u00f3n de los datos personales de los ciudadanos de la Uni\u00f3n Europea (en adelante, \u00abel Reglamento\u00bb), el responsable del tratamiento de los datos personales es: Guillaume Martineau. Puede ponerse en contacto con \u00e9l de la siguiente manera<\/p>\n<p>por tel\u00e9fono: 05 57 77 92 92 o por correo electr\u00f3nico a contact@oenobois.com<\/p>\n<p>El responsable del tratamiento es responsable de determinar los fines y medios del tratamiento de datos personales.<\/p>\n<p><strong>D. DATOS PERSONALES DE MENORES<\/strong><br \/>\nDe conformidad con lo dispuesto en el art\u00edculo 8 del Reglamento Europeo 2016\/679 y la Ley francesa de Protecci\u00f3n de Datos, solo los menores de 15 a\u00f1os o m\u00e1s pueden dar su consentimiento para el tratamiento de sus datos personales.<\/p>\n<p>Si el usuario es menor de 15 a\u00f1os, se requerir\u00e1 el consentimiento de un representante legal para la recogida y el tratamiento de los datos personales.<\/p>\n<p>&nbsp;<\/p>\n<p><strong>E. DERECHOS DEL USUARIO Y PROCEDIMIENTOS DE APLICACI\u00d3N DE LOS DERECHOS DEL USUARIO<\/strong><br \/>\nDe conformidad con la normativa relativa al tratamiento de datos personales, el Usuario tiene los derechos que se enumeran a continuaci\u00f3n.<\/p>\n<p>Para que el responsable del tratamiento pueda atender su solicitud, el Usuario est\u00e1 obligado a facilitar al responsable del tratamiento: su nombre, apellidos y direcci\u00f3n de correo electr\u00f3nico.<\/p>\n<p>El responsable del tratamiento est\u00e1 obligado a responder al Usuario en un plazo m\u00e1ximo de 30 (treinta) d\u00edas.<\/p>\n<p>a. Derecho de acceso, rectificaci\u00f3n y derecho al olvido<br \/>\nEl Usuario podr\u00e1 acceder, actualizar, modificar o solicitar la supresi\u00f3n de los datos que le conciernan.<\/p>\n<p>b. Derecho a la portabilidad de los datos<br \/>\nLos usuarios tienen derecho a solicitar la portabilidad de sus datos personales conservados por el sitio a otro sitio.<\/p>\n<p>c. Derecho de limitaci\u00f3n y oposici\u00f3n al tratamiento de datos<br \/>\nPor \u00faltimo, el Usuario tiene derecho a solicitar la limitaci\u00f3n u oponerse al tratamiento de sus datos por parte del sitio, sin que \u00e9ste pueda denegarlo, salvo que acredite la existencia de motivos leg\u00edtimos imperiosos que prevalezcan sobre los intereses y los derechos y libertades del Usuario.<\/p>\n<p>d. Derecho a determinar el destino de los datos tras el fallecimiento<br \/>\nSe recuerda a los Usuarios que pueden organizar lo que debe suceder con sus datos recopilados y procesados si fallecen, de conformidad con la ley n.\u00ba 2016-1321 de 7 de octubre de 2016.<\/p>\n<p>e. Derecho a recurrir a la autoridad de control competente<br \/>\nEn caso de que el responsable del tratamiento decida no responder a la solicitud del Usuario, y este desee impugnar esta decisi\u00f3n, tiene derecho a recurrir a la CNIL (Commission Nationale de l&#8217;Informatique et des Libert\u00e9s, https:\/\/www.cnil.fr) o a cualquier juez competente.<\/p>\n<p><strong>F. OBLIGACIONES DEL RESPONSABLE DEL TRATAMIENTO<\/strong><br \/>\nEl responsable del tratamiento se compromete a proteger los datos personales recogidos, a no transmitirlos a terceros sin el conocimiento del usuario y a respetar los fines para los que se recogieron.<\/p>\n<p>El sitio dispone de un certificado SSL que garantiza la seguridad de la informaci\u00f3n y la transferencia de datos a trav\u00e9s del sitio.<\/p>\n<p>Adem\u00e1s, el responsable del tratamiento se compromete a notificar al usuario en caso de rectificaci\u00f3n o supresi\u00f3n de los datos, salvo que ello suponga tr\u00e1mites, costes y gestiones desproporcionados para el usuario.<\/p>\n<p>En caso de que la integridad, confidencialidad o seguridad de los datos personales del Usuario se viera comprometida, el responsable del tratamiento se compromete a informar al Usuario por cualquier medio necesario.<\/p>\n<p><strong>G. COOKIES<\/strong><br \/>\nEl sitio puede utilizar \u00abcookies\u00bb para procesar estad\u00edsticas e informaci\u00f3n de tr\u00e1fico, facilitar la navegaci\u00f3n y mejorar el servicio para la comodidad del Usuario. Para el uso de archivos \u00abcookie\u00bb que impliquen el almacenamiento y an\u00e1lisis de datos personales, se deber\u00e1 solicitar el consentimiento del Usuario.<\/p>\n<p>El consentimiento del Usuario se considera v\u00e1lido por un per\u00edodo m\u00e1ximo de 13 (trece) meses. Al final de este per\u00edodo, el sitio volver\u00e1 a solicitar la autorizaci\u00f3n del usuario para guardar archivos \u00abcookie\u00bb en su disco duro.<\/p>\n<p>Oposici\u00f3n del usuario a la utilizaci\u00f3n de \u00abcookies\u00bb por parte del sitio<br \/>\nSe informa al Usuario de que puede negarse a aceptar cookies configurando el software de su navegador.<\/p>\n<p>Si el Usuario decide desactivar los archivos \u00abcookies\u00bb, podr\u00e1 seguir navegando por el sitio. Sin embargo, cualquier mal funcionamiento del sitio causado por esta manipulaci\u00f3n no podr\u00e1 considerarse culpa del Editor del Sitio.<\/p>\n<p><!-- \/wp:paragraph --><\/p>\n\n        <\/div>\n\n    <\/div>\n<\/section>","protected":false},"excerpt":{"rendered":"","protected":false},"author":2,"featured_media":0,"parent":0,"menu_order":25,"comment_status":"closed","ping_status":"closed","template":"","meta":{"_acf_changed":false,"footnotes":""},"class_list":["post-2405","page","type-page","status-publish","hentry"],"acf":[],"yoast_head":"<!-- This site is optimized with the Yoast SEO plugin v27.5 - https:\/\/yoast.com\/product\/yoast-seo-wordpress\/ -->\n<title>Datos personales : Oenobois<\/title>\n<meta name=\"robots\" content=\"noindex, nofollow\" \/>\n<meta property=\"og:locale\" content=\"es_ES\" \/>\n<meta property=\"og:type\" content=\"article\" \/>\n<meta property=\"og:title\" content=\"Datos personales : Oenobois\" \/>\n<meta property=\"og:url\" content=\"https:\/\/oenobois.com\/es\/donnees-personnelles\/\" \/>\n<meta property=\"og:site_name\" content=\"Oenobois\" \/>\n<meta property=\"article:modified_time\" content=\"2025-02-04T13:47:10+00:00\" \/>\n<meta name=\"twitter:card\" content=\"summary_large_image\" \/>\n<script type=\"application\/ld+json\" class=\"yoast-schema-graph\">{\"@context\":\"https:\\\/\\\/schema.org\",\"@graph\":[{\"@type\":\"WebPage\",\"@id\":\"https:\\\/\\\/oenobois.com\\\/es\\\/donnees-personnelles\\\/\",\"url\":\"https:\\\/\\\/oenobois.com\\\/es\\\/donnees-personnelles\\\/\",\"name\":\"Datos personales : Oenobois\",\"isPartOf\":{\"@id\":\"https:\\\/\\\/oenobois.com\\\/es\\\/#website\"},\"datePublished\":\"2023-07-10T10:07:24+00:00\",\"dateModified\":\"2025-02-04T13:47:10+00:00\",\"inLanguage\":\"es-ES\",\"potentialAction\":[{\"@type\":\"ReadAction\",\"target\":[\"https:\\\/\\\/oenobois.com\\\/es\\\/donnees-personnelles\\\/\"]}]},{\"@type\":\"WebSite\",\"@id\":\"https:\\\/\\\/oenobois.com\\\/es\\\/#website\",\"url\":\"https:\\\/\\\/oenobois.com\\\/es\\\/\",\"name\":\"Oenobois\",\"description\":\"Au coeur du vin\",\"publisher\":{\"@id\":\"https:\\\/\\\/oenobois.com\\\/es\\\/#organization\"},\"potentialAction\":[{\"@type\":\"SearchAction\",\"target\":{\"@type\":\"EntryPoint\",\"urlTemplate\":\"https:\\\/\\\/oenobois.com\\\/es\\\/?s={search_term_string}\"},\"query-input\":{\"@type\":\"PropertyValueSpecification\",\"valueRequired\":true,\"valueName\":\"search_term_string\"}}],\"inLanguage\":\"es-ES\"},{\"@type\":\"Organization\",\"@id\":\"https:\\\/\\\/oenobois.com\\\/es\\\/#organization\",\"name\":\"Oenobois\",\"url\":\"https:\\\/\\\/oenobois.com\\\/es\\\/\",\"logo\":{\"@type\":\"ImageObject\",\"inLanguage\":\"es-ES\",\"@id\":\"https:\\\/\\\/oenobois.com\\\/es\\\/#\\\/schema\\\/logo\\\/image\\\/\",\"url\":\"https:\\\/\\\/oenobois.com\\\/app\\\/uploads\\\/2023\\\/07\\\/logo-oenobois.jpg\",\"contentUrl\":\"https:\\\/\\\/oenobois.com\\\/app\\\/uploads\\\/2023\\\/07\\\/logo-oenobois.jpg\",\"width\":1226,\"height\":215,\"caption\":\"Oenobois\"},\"image\":{\"@id\":\"https:\\\/\\\/oenobois.com\\\/es\\\/#\\\/schema\\\/logo\\\/image\\\/\"}}]}<\/script>\n<!-- \/ Yoast SEO plugin. -->","yoast_head_json":{"title":"Datos personales : Oenobois","robots":{"index":"noindex","follow":"nofollow"},"og_locale":"es_ES","og_type":"article","og_title":"Datos personales : Oenobois","og_url":"https:\/\/oenobois.com\/es\/donnees-personnelles\/","og_site_name":"Oenobois","article_modified_time":"2025-02-04T13:47:10+00:00","twitter_card":"summary_large_image","schema":{"@context":"https:\/\/schema.org","@graph":[{"@type":"WebPage","@id":"https:\/\/oenobois.com\/es\/donnees-personnelles\/","url":"https:\/\/oenobois.com\/es\/donnees-personnelles\/","name":"Datos personales : Oenobois","isPartOf":{"@id":"https:\/\/oenobois.com\/es\/#website"},"datePublished":"2023-07-10T10:07:24+00:00","dateModified":"2025-02-04T13:47:10+00:00","inLanguage":"es-ES","potentialAction":[{"@type":"ReadAction","target":["https:\/\/oenobois.com\/es\/donnees-personnelles\/"]}]},{"@type":"WebSite","@id":"https:\/\/oenobois.com\/es\/#website","url":"https:\/\/oenobois.com\/es\/","name":"Oenobois","description":"Au coeur du vin","publisher":{"@id":"https:\/\/oenobois.com\/es\/#organization"},"potentialAction":[{"@type":"SearchAction","target":{"@type":"EntryPoint","urlTemplate":"https:\/\/oenobois.com\/es\/?s={search_term_string}"},"query-input":{"@type":"PropertyValueSpecification","valueRequired":true,"valueName":"search_term_string"}}],"inLanguage":"es-ES"},{"@type":"Organization","@id":"https:\/\/oenobois.com\/es\/#organization","name":"Oenobois","url":"https:\/\/oenobois.com\/es\/","logo":{"@type":"ImageObject","inLanguage":"es-ES","@id":"https:\/\/oenobois.com\/es\/#\/schema\/logo\/image\/","url":"https:\/\/oenobois.com\/app\/uploads\/2023\/07\/logo-oenobois.jpg","contentUrl":"https:\/\/oenobois.com\/app\/uploads\/2023\/07\/logo-oenobois.jpg","width":1226,"height":215,"caption":"Oenobois"},"image":{"@id":"https:\/\/oenobois.com\/es\/#\/schema\/logo\/image\/"}}]}},"_links":{"self":[{"href":"https:\/\/oenobois.com\/es\/wp-json\/wp\/v2\/pages\/2405","targetHints":{"allow":["GET"]}}],"collection":[{"href":"https:\/\/oenobois.com\/es\/wp-json\/wp\/v2\/pages"}],"about":[{"href":"https:\/\/oenobois.com\/es\/wp-json\/wp\/v2\/types\/page"}],"author":[{"embeddable":true,"href":"https:\/\/oenobois.com\/es\/wp-json\/wp\/v2\/users\/2"}],"replies":[{"embeddable":true,"href":"https:\/\/oenobois.com\/es\/wp-json\/wp\/v2\/comments?post=2405"}],"version-history":[{"count":3,"href":"https:\/\/oenobois.com\/es\/wp-json\/wp\/v2\/pages\/2405\/revisions"}],"predecessor-version":[{"id":5437,"href":"https:\/\/oenobois.com\/es\/wp-json\/wp\/v2\/pages\/2405\/revisions\/5437"}],"wp:attachment":[{"href":"https:\/\/oenobois.com\/es\/wp-json\/wp\/v2\/media?parent=2405"}],"curies":[{"name":"wp","href":"https:\/\/api.w.org\/{rel}","templated":true}]}}