{"id":2872,"date":"2023-06-30T11:54:53","date_gmt":"2023-06-30T09:54:53","guid":{"rendered":"https:\/\/oenobois.com\/qualite-environnement\/"},"modified":"2023-10-18T15:08:10","modified_gmt":"2023-10-18T13:08:10","slug":"calidad-y-medioambiente","status":"publish","type":"page","link":"https:\/\/oenobois.com\/es\/calidad-y-medioambiente\/","title":{"rendered":"\u0152nobois :<br> SIN\u00d3NIMO DE EXIGENCIA Y CALIDAD"},"content":{"rendered":"<section class=\"block-slider-qualite\" id=\"block-slider-qualite\">\n            <section id=\"slider-qualite\" class=\"splide\" aria-label=\"Slider qualit\u00e9\">\n            <div class=\"splide__track\">\n                <ul class=\"splide__list\">\n                                        <li class=\"splide__slide slide slide-qualite\">\n        <img decoding=\"async\" src=\"https:\/\/oenobois.com\/app\/uploads\/2023\/07\/oenobois_website-presentation-rigueur.jpg\" alt=\"Selecci\u00f3n \">\n        <div class=\"bdy\">\n            <h6>Selecci\u00f3n <\/h6>\n            <p>Nuestro compromiso con la calidad comienza con la elecci\u00f3n de nuestras materias primas. Seleccionamos cuidadosamente duelas de primera calidad que cumplen los rigurosos criterios f\u00edsicos y anal\u00edticos indispensables para elaborar productos de gama alta destinados a la industria enol\u00f3gica.<\/p>\n        <\/div>\n    <\/li>\n\n                                        <li class=\"splide__slide slide slide-qualite\">\n        <img decoding=\"async\" src=\"https:\/\/oenobois.com\/app\/uploads\/2023\/07\/BOIS.jpg\" alt=\"Trazabilidad\">\n        <div class=\"bdy\">\n            <h6>Trazabilidad<\/h6>\n            <p>Para garantizar la seguridad de nuestros productos, nuestro centro de producci\u00f3n dispone de un sistema APPCC. Garantizamos una trazabilidad completa, desde el \u00e1rbol hasta el envasado final. <\/p>\n        <\/div>\n    <\/li>\n\n                                        <li class=\"splide__slide slide slide-qualite\">\n        <img decoding=\"async\" src=\"https:\/\/oenobois.com\/app\/uploads\/2023\/07\/QUALITE_BLOUSE.jpg\" alt=\"An\u00e1lisis\">\n        <div class=\"bdy\">\n            <h6>An\u00e1lisis<\/h6>\n            <p>Realizamos an\u00e1lisis peri\u00f3dicos de los compuestos arom\u00e1ticos para garantizar la repetibilidad en la expresi\u00f3n de nuestros productos. Tambien se practican an\u00e1lisis exhaustivos de nuestras materias primas y productos acabados, incluidos halofenoles, haloanisoles, metales pesados, HAP y compuestos vol\u00e1tiles.<\/p>\n        <\/div>\n    <\/li>\n\n                                        <li class=\"splide__slide slide slide-qualite\">\n        <img decoding=\"async\" src=\"https:\/\/oenobois.com\/app\/uploads\/2023\/07\/oenobois_website-presentation-savoir_faire.jpg\" alt=\"Embalaje\">\n        <div class=\"bdy\">\n            <h6>Embalaje<\/h6>\n            <p>Nuestras redes de infusi\u00f3n son de calidad alimentaria y nuestros envases est\u00e1n especialmente dise\u00f1ados para preservar la estabilidad de los aromas a lo largo del tiempo. <\/p>\n        <\/div>\n    <\/li>\n\n                                        <li class=\"splide__slide slide slide-qualite\">\n        <img decoding=\"async\" src=\"https:\/\/oenobois.com\/app\/uploads\/2023\/07\/FOUR_STICKS.jpg\" alt=\"Salud y seguridad\">\n        <div class=\"bdy\">\n            <h6>Salud y seguridad<\/h6>\n            <p>En nuestro empe\u00f1o por conseguir una mejora continua, hemos obtenido la certificaci\u00f3n de seguridad alimentaria FSSC 22000, reconocida por la GFSI, para cumplir con las exigencias de la gran distribuci\u00f3n, incluidas las normas IFS y BRC.<\/p>\n        <\/div>\n    <\/li>\n\n                                        <li class=\"splide__slide slide slide-qualite\">\n        <img decoding=\"async\" src=\"https:\/\/oenobois.com\/app\/uploads\/2023\/07\/CERTIFICATIONS-QUALITE-BOIS-OENOBOIS.jpg\" alt=\"Certificaciones\">\n        <div class=\"bdy\">\n            <h6>Certificaciones<\/h6>\n            <p>La mayor\u00eda de nuestros productos est\u00e1n certificados o autorizados seg\u00fan diversas normas. En concreto, trabajamos con las normas BIO, NOP y Vegan, con el objetivo de facilitar el uso de nuestros productos a nuestros clientes, sea cual sea su elecci\u00f3n de certificaci\u00f3n. A lo largo de toda nuestra cadena de producci\u00f3n, nuestras maderas se elaboran sin a\u00f1adir productos qu\u00edmicos, por lo que son aptas para las normativas BIO y NOP.<\/p>\n        <\/div>\n    <\/li>\n\n                                <\/ul>\n            <\/div>\n        <\/section>\n    <\/section>\n\n\n<div style=\"height:80px\" aria-hidden=\"true\" class=\"wp-block-spacer\"><\/div>\n\n\n\n<h2 class=\"wp-block-heading container-medium pb-3\" id=\"rse\" style=\"font-size:65px\"><strong>Enfoque rse<\/strong><\/h2>\n\n\n\n<div class=\"wp-block-columns container-medium pb-4 is-layout-flex wp-container-core-columns-is-layout-9d6595d7 wp-block-columns-is-layout-flex\">\n<div class=\"wp-block-column is-layout-flow wp-block-column-is-layout-flow\" style=\"flex-basis:38%\">\n<p style=\"font-size:18px;letter-spacing:0.9px\">En \u0152nobois, la calidad, la seguridad y el medio ambiente son valores profundamente arraigados a nuestra forma de trabajar.<\/p>\n<\/div>\n\n\n\n<div class=\"wp-block-column is-layout-flow wp-block-column-is-layout-flow\" style=\"flex-basis:50%\"><\/div>\n<\/div>\n\n\n<section class=\"block-engagements-rse\" id=\"block-engagements-rse\">\n    <div class=\"row container-medium\">\n        <div class=\"col-5 pe-5\">\n            <ul class=\"nav nav-tabs\" id=\"tab-engagements\" role=\"tablist\">\n                                    <li class=\"nav-item\" role=\"presentation\">\n                                                    <button class=\"nav-link active\" id=\"loshombres-tab\" data-bs-toggle=\"tab\" data-bs-target=\"#loshombres\" data-bs-img=\"#img-loshombres\" type=\"button\" role=\"tab\" aria-controls=\"loshombres\" aria-selected=\"true\">Los Hombres<\/button>\n                                            <\/li>\n                                    <li class=\"nav-item\" role=\"presentation\">\n                                                    <button class=\"nav-link\" id=\"elmedioambiente-tab\" data-bs-toggle=\"tab\" data-bs-target=\"#elmedioambiente\" data-bs-img=\"#img-elmedioambiente\" type=\"button\" role=\"tab\" aria-controls=\"elmedioambiente\" aria-selected=\"false\">El medioambiente<\/button>\n                                            <\/li>\n                            <\/ul>\n            <div class=\"tab-content\">\n                                                <div class=\"tab-pane fade show active\" id=\"loshombres\" role=\"tabpanel\" aria-labelledby=\"loshombres-tab\">\n                                    <p class=\"desc\">En el marco de nuestra pol\u00edtica medioambiental y social, nos comprometemos a respetar la Declaraci\u00f3n Universal de los Derechos Humanos y las normas de la Organizaci\u00f3n Internacional del Trabajo. \u0152nobois es una empresa comprometida con la responsabilidad social empresarial (RSE). Hemos llevado a cabo un an\u00e1lisis medioambiental exhaustivo de nuestro centro, que nos ha permitido poner de relieve las mejores pr\u00e1cticas, como la gesti\u00f3n de desechos, la conservaci\u00f3n de recursos, la reducci\u00f3n de residuos y la minimizaci\u00f3n de nuestro consumo de recursos.<\/p>\n                <\/div>\n                                                <div class=\"tab-pane fade\" id=\"elmedioambiente\" role=\"tabpanel\" aria-labelledby=\"elmedioambiente-tab\">\n                                    <p class=\"desc\">La gesti\u00f3n responsable de los bosques es muy importante para nosotros, por lo que estamos comprometidos con el programa PEFC. Adem\u00e1s de nuestra certificaci\u00f3n PEFC, tambi\u00e9n apoyamos la agrosilvicultura local mediante un programa plurianual de plantaci\u00f3n de \u00e1rboles. Adem\u00e1s, nuestro proceso de fabricaci\u00f3n de las maderas no genera residuos vegetales, y todos los residuos de producci\u00f3n se reciclan dentro de nuestras f\u00e1bricas.<\/p>\n                <\/div>\n                            <\/div>\n        <\/div>\n        <div class=\"col-7\">\n            <div class=\"tab-content\">\n                                                <div class=\"tab\" id=\"img-loshombres\">\n                                    <img decoding=\"async\" src=\"https:\/\/oenobois.com\/app\/uploads\/2023\/07\/oenobois_website-presentation-savoir_faire-1.jpg\">\n                <\/div>\n                                                <div class=\"tab hide\" id=\"img-elmedioambiente\">\n                                        <img decoding=\"async\" src=\"https:\/\/oenobois.com\/app\/uploads\/2023\/07\/oenobois_website-home-engagements-environnement.jpg\">\n                <\/div>\n                            <\/div>\n        <\/div>\n    <\/div>\n<\/section>\n\n\n<div class=\"wp-block-columns bg-tree is-layout-flex wp-container-core-columns-is-layout-9d6595d7 wp-block-columns-is-layout-flex\">\n<div class=\"wp-block-column is-layout-flow wp-block-column-is-layout-flow\" style=\"flex-basis:36%\"><\/div>\n\n\n\n<div class=\"wp-block-column is-layout-flow wp-block-column-is-layout-flow\" style=\"flex-basis:50%\">\n<blockquote class=\"wp-block-quote is-layout-flow wp-block-quote-is-layout-flow\">\n<h2 class=\"wp-block-heading alignwide txt-bot py-6\" style=\"font-size:40px;font-style:normal;font-weight:500;letter-spacing:2px;line-height:1.1\">En \u0152nobois, creemos firmemente que la calidad y el respeto del medio ambiente van de la mano. <br><br>Por eso hacemos todo lo posible para ofrecerle productos excepcionales, contribuyendo al mismo tiempo a la preservaci\u00f3n de nuestro planeta.<\/h2>\n<\/blockquote>\n<\/div>\n\n\n\n<div class=\"wp-block-column is-layout-flow wp-block-column-is-layout-flow\" style=\"flex-basis:25%\"><\/div>\n<\/div>\n\n\n<section class=\"block-our-products o-ourProducts\">\n    \n    <div class=\"o-ourProducts__header text-center bg-secondary text-white pt-5 pb-7\">\n        <div class=\"container-base\">\n            <h2 class=\"text-primary mb-3\">Nuestros productos <\/h2>\n            <p class=\"mb-5 mx-auto o-ourProducts__headerText\">\n                Nuestro conocimiento del potencial organol\u00e9ptico de las diferentes variedades de roble nos permite una gran precisi\u00f3n en la selecci\u00f3n y elaboraci\u00f3n de nuestros productos.\n            <\/p>\n        <\/div>\n    <\/div>\n\n    <div class=\"o-ourProducts__products position-absolute overflow-hidden\">\n        <div class=\"container-base\">\n            \n\n<div class=\"t-rangesList\">\n\n    <div class=\"glide\" data-ranges-nb=\"5\">\n        <div class=\"glide__track\" data-glide-el=\"track\">\n            <div class=\"glide__slides\">\n                            <div class=\"glide__slide\">\n                        \n<div class=\"position-relative card border-0 text-white overflow-hidden m-cardRange\">\n    <img decoding=\"async\" class=\"position-absolute top-0 left-0 w-100 h-100 m-cardRange__img\" \n        src=\"https:\/\/oenobois.com\/app\/uploads\/2023\/06\/oenobois_website-home-produit-granulars.png\"\n        alt=\"\"\n        title=\"oenobois_website-home-produit-granulars\"\n    \/>\n    <div class=\"position-absolute top-0 left-0 w-100 h-100 m-cardRange__overlay\"><\/div>\n\n    <div class=\"h-100 card-body p-3 d-flex flex-column justify-content-between m-cardRange__content\">\n        <div class=\"m-cardRange__text overflow-hidden d-flex flex-column\">\n            <h4 class=\"m-cardRange__title pb-3 mb-3\">\n                Granulars\n            <\/h4>\n\n            <p class=\"card-text flex-fill m-cardRange__description\">\n                \u0152nobois le ofrece una gama de 6 granulars para extracciones precisas y r\u00e1pidas de los compuestos de la madera durante la vinificaci\u00f3n. Cada granular cuenta con caracter\u00edsticas bien precisas que permiten trabajar a la vez el equilibrio arom\u00e1tico y el equilibrio en boca.\n            <\/p>\n        <\/div>\n\n        <a class=\"d-flex justify-content-center align-items-center bg-primary text-white text-decoration-none rounded-circle m-cardRange__more\"\n            href=\"https:\/\/oenobois.com\/es\/range\/granulars\/\">\n            <i class=\"fa-regular fa-xl fa-plus\"><\/i>\n        <\/a>\n    <\/div>\n\n<\/div>                <\/div>\n                            <div class=\"glide__slide\">\n                        \n<div class=\"position-relative card border-0 text-white overflow-hidden m-cardRange\">\n    <img decoding=\"async\" class=\"position-absolute top-0 left-0 w-100 h-100 m-cardRange__img\" \n        src=\"https:\/\/oenobois.com\/app\/uploads\/2023\/06\/oenobois_website-home-produit_1.png\"\n        alt=\"\"\n        title=\"oenobois_website-home-produit_1\"\n    \/>\n    <div class=\"position-absolute top-0 left-0 w-100 h-100 m-cardRange__overlay\"><\/div>\n\n    <div class=\"h-100 card-body p-3 d-flex flex-column justify-content-between m-cardRange__content\">\n        <div class=\"m-cardRange__text overflow-hidden d-flex flex-column\">\n            <h4 class=\"m-cardRange__title pb-3 mb-3\">\n                Chips\n            <\/h4>\n\n            <p class=\"card-text flex-fill m-cardRange__description\">\n                \u0152nobois le ofrece una gama completa de 9 chips t\u00e9cnicos y precisos. Cada chip tiene caracter\u00edsticas espec\u00edficas que se adaptan a los distintos objetivos organol\u00e9pticos del vinificador.\n            <\/p>\n        <\/div>\n\n        <a class=\"d-flex justify-content-center align-items-center bg-primary text-white text-decoration-none rounded-circle m-cardRange__more\"\n            href=\"https:\/\/oenobois.com\/es\/range\/chips-de-madera-oenobois\/\">\n            <i class=\"fa-regular fa-xl fa-plus\"><\/i>\n        <\/a>\n    <\/div>\n\n<\/div>                <\/div>\n                            <div class=\"glide__slide\">\n                        \n<div class=\"position-relative card border-0 text-white overflow-hidden m-cardRange\">\n    <img decoding=\"async\" class=\"position-absolute top-0 left-0 w-100 h-100 m-cardRange__img\" \n        src=\"https:\/\/oenobois.com\/app\/uploads\/2023\/06\/staves-blocks.jpg\"\n        alt=\"chauffe des douelles pour l'oenologie\"\n        title=\"staves blocks\"\n    \/>\n    <div class=\"position-absolute top-0 left-0 w-100 h-100 m-cardRange__overlay\"><\/div>\n\n    <div class=\"h-100 card-body p-3 d-flex flex-column justify-content-between m-cardRange__content\">\n        <div class=\"m-cardRange__text overflow-hidden d-flex flex-column\">\n            <h4 class=\"m-cardRange__title pb-3 mb-3\">\n                Staves<br> &#038; Blocks\n            <\/h4>\n\n            <p class=\"card-text flex-fill m-cardRange__description\">\n                \u0152nobois le ofrece una gama de duelas y bloques de roble franc\u00e9s seleccionados cuidadosamente para perfiles de vinos complejos y afrutados.\n            <\/p>\n        <\/div>\n\n        <a class=\"d-flex justify-content-center align-items-center bg-primary text-white text-decoration-none rounded-circle m-cardRange__more\"\n            href=\"https:\/\/oenobois.com\/es\/range\/staves-blocks\/\">\n            <i class=\"fa-regular fa-xl fa-plus\"><\/i>\n        <\/a>\n    <\/div>\n\n<\/div>                <\/div>\n                            <div class=\"glide__slide\">\n                        \n<div class=\"position-relative card border-0 text-white overflow-hidden m-cardRange\">\n    <img decoding=\"async\" class=\"position-absolute top-0 left-0 w-100 h-100 m-cardRange__img\" \n        src=\"https:\/\/oenobois.com\/app\/uploads\/2023\/06\/oenobois_website-home-produit-sticks_3d.png\"\n        alt=\"\"\n        title=\"oenobois_website-home-produit-sticks_3d\"\n    \/>\n    <div class=\"position-absolute top-0 left-0 w-100 h-100 m-cardRange__overlay\"><\/div>\n\n    <div class=\"h-100 card-body p-3 d-flex flex-column justify-content-between m-cardRange__content\">\n        <div class=\"m-cardRange__text overflow-hidden d-flex flex-column\">\n            <h4 class=\"m-cardRange__title pb-3 mb-3\">\n                Sticks<br> &#038; 3D\n            <\/h4>\n\n            <p class=\"card-text flex-fill m-cardRange__description\">\n                \u0152nobois le ofrece una gama de sticks y cubos 3D de roble franc\u00e9s seleccionados cuidadosamente para crianzas comparables a las de la barrica. \n            <\/p>\n        <\/div>\n\n        <a class=\"d-flex justify-content-center align-items-center bg-primary text-white text-decoration-none rounded-circle m-cardRange__more\"\n            href=\"https:\/\/oenobois.com\/es\/range\/sticks-3d\/\">\n            <i class=\"fa-regular fa-xl fa-plus\"><\/i>\n        <\/a>\n    <\/div>\n\n<\/div>                <\/div>\n                            <div class=\"glide__slide\">\n                        \n<div class=\"position-relative card border-0 text-white overflow-hidden m-cardRange\">\n    <img decoding=\"async\" class=\"position-absolute top-0 left-0 w-100 h-100 m-cardRange__img\" \n        src=\"https:\/\/oenobois.com\/app\/uploads\/2023\/06\/stick-inside.jpg\"\n        alt=\"confection des sticks oenobois \"\n        title=\"stick-inside\"\n    \/>\n    <div class=\"position-absolute top-0 left-0 w-100 h-100 m-cardRange__overlay\"><\/div>\n\n    <div class=\"h-100 card-body p-3 d-flex flex-column justify-content-between m-cardRange__content\">\n        <div class=\"m-cardRange__text overflow-hidden d-flex flex-column\">\n            <h4 class=\"m-cardRange__title pb-3 mb-3\">\n                Sticks <br>Inside\n            <\/h4>\n\n            <p class=\"card-text flex-fill m-cardRange__description\">\n                \u0152nobois le ofrece una gama de sticks inside de roble franc\u00e9s con el objetivo de prolongar la vida \u00fatil de su parque de barricas.\n            <\/p>\n        <\/div>\n\n        <a class=\"d-flex justify-content-center align-items-center bg-primary text-white text-decoration-none rounded-circle m-cardRange__more\"\n            href=\"https:\/\/oenobois.com\/es\/range\/sticks-inside\/\">\n            <i class=\"fa-regular fa-xl fa-plus\"><\/i>\n        <\/a>\n    <\/div>\n\n<\/div>                <\/div>\n                        <\/div>\n        <\/div>\n\n        <div class=\"glide__bullets d-md-none position-static d-flex mt-3 justify-content-center\" data-glide-el=\"controls[nav]\">\n                                        <div class=\"glide__bullet\" data-glide-dir=\"=0\"><\/div>\n                                            <div class=\"glide__bullet\" data-glide-dir=\"=1\"><\/div>\n                                            <div class=\"glide__bullet\" data-glide-dir=\"=2\"><\/div>\n                                            <div class=\"glide__bullet\" data-glide-dir=\"=3\"><\/div>\n                                            <div class=\"glide__bullet\" data-glide-dir=\"=4\"><\/div>\n                                    <\/div>\n    <\/div>\n\n<\/div>        <\/div>\n    <\/div>\n\n    <div class=\"o-ourProducts__presentation bg-light pt-7 pb-6 pb-md-7 position-relative overflow-hidden\">\n        <img decoding=\"async\" src=\"https:\/\/oenobois.com\/app\/themes\/bootscore-child-main\/img\/wood-circles.png\" \n     class=\"d-none d-md-block a-backgroundImg position-absolute end-0\"\n     alt=\"Background image wood circles\"\n     title=\"Background image wood circles\">\n\n        <div class=\"container-narrow\">\n            <div class=\"pt-6 pt-md-7\">\n                <div class=\"mb-5 me-auto lh-sm o-ourProducts__firstParagraph\">\n                    \n                <\/div>\n                <div class=\"ms-auto lh-sm o-ourProducts__secondParagraph\">\n                    \n                <\/div>\n            <\/div>\n        <\/div>\n    <\/div>\n<\/section>","protected":false},"excerpt":{"rendered":"<p>Enfoque rse En \u0152nobois, la calidad, la seguridad y el medio ambiente son valores profundamente arraigados a nuestra forma de trabajar. En \u0152nobois, creemos firmemente que la calidad y el respeto del medio ambiente van de la mano. Por eso hacemos todo lo posible para ofrecerle productos excepcionales, contribuyendo al mismo tiempo a la preservaci\u00f3n [&hellip;]<\/p>\n","protected":false},"author":2,"featured_media":0,"parent":0,"menu_order":12,"comment_status":"closed","ping_status":"closed","template":"qualite-exigence.php","meta":{"_acf_changed":false,"footnotes":""},"class_list":["post-2872","page","type-page","status-publish","hentry"],"acf":[],"yoast_head":"<!-- This site is optimized with the Yoast SEO plugin v27.5 - https:\/\/yoast.com\/product\/yoast-seo-wordpress\/ -->\n<title>Oenobois : exigence et qualit\u00e9, dans le respect de l&#039;environnement<\/title>\n<meta name=\"description\" content=\"Chez \u0152nobois, nous croyons que la qualit\u00e9 et le respect de l\u2019environnement vont de pair, gr\u00e2ce \u00e0 des produits d&#039;exception et innovants.\" \/>\n<meta name=\"robots\" content=\"index, follow, max-snippet:-1, max-image-preview:large, max-video-preview:-1\" \/>\n<link rel=\"canonical\" href=\"https:\/\/oenobois.com\/es\/calidad-y-medioambiente\/\" \/>\n<meta property=\"og:locale\" content=\"es_ES\" \/>\n<meta property=\"og:type\" content=\"article\" \/>\n<meta property=\"og:title\" content=\"Oenobois : exigence et qualit\u00e9, dans le respect de l&#039;environnement\" \/>\n<meta property=\"og:description\" content=\"Chez \u0152nobois, nous croyons que la qualit\u00e9 et le respect de l\u2019environnement vont de pair, gr\u00e2ce \u00e0 des produits d&#039;exception et innovants.\" \/>\n<meta property=\"og:url\" content=\"https:\/\/oenobois.com\/es\/calidad-y-medioambiente\/\" \/>\n<meta property=\"og:site_name\" content=\"Oenobois\" \/>\n<meta property=\"article:modified_time\" content=\"2023-10-18T13:08:10+00:00\" \/>\n<meta name=\"twitter:card\" content=\"summary_large_image\" \/>\n<script type=\"application\/ld+json\" class=\"yoast-schema-graph\">{\"@context\":\"https:\\\/\\\/schema.org\",\"@graph\":[{\"@type\":\"WebPage\",\"@id\":\"https:\\\/\\\/oenobois.com\\\/es\\\/calidad-y-medioambiente\\\/\",\"url\":\"https:\\\/\\\/oenobois.com\\\/es\\\/calidad-y-medioambiente\\\/\",\"name\":\"Oenobois : exigence et qualit\u00e9, dans le respect de l'environnement\",\"isPartOf\":{\"@id\":\"https:\\\/\\\/oenobois.com\\\/es\\\/#website\"},\"datePublished\":\"2023-06-30T09:54:53+00:00\",\"dateModified\":\"2023-10-18T13:08:10+00:00\",\"description\":\"Chez \u0152nobois, nous croyons que la qualit\u00e9 et le respect de l\u2019environnement vont de pair, gr\u00e2ce \u00e0 des produits d'exception et innovants.\",\"inLanguage\":\"es-ES\",\"potentialAction\":[{\"@type\":\"ReadAction\",\"target\":[\"https:\\\/\\\/oenobois.com\\\/es\\\/calidad-y-medioambiente\\\/\"]}]},{\"@type\":\"WebSite\",\"@id\":\"https:\\\/\\\/oenobois.com\\\/es\\\/#website\",\"url\":\"https:\\\/\\\/oenobois.com\\\/es\\\/\",\"name\":\"Oenobois\",\"description\":\"Au coeur du vin\",\"publisher\":{\"@id\":\"https:\\\/\\\/oenobois.com\\\/es\\\/#organization\"},\"potentialAction\":[{\"@type\":\"SearchAction\",\"target\":{\"@type\":\"EntryPoint\",\"urlTemplate\":\"https:\\\/\\\/oenobois.com\\\/es\\\/?s={search_term_string}\"},\"query-input\":{\"@type\":\"PropertyValueSpecification\",\"valueRequired\":true,\"valueName\":\"search_term_string\"}}],\"inLanguage\":\"es-ES\"},{\"@type\":\"Organization\",\"@id\":\"https:\\\/\\\/oenobois.com\\\/es\\\/#organization\",\"name\":\"Oenobois\",\"url\":\"https:\\\/\\\/oenobois.com\\\/es\\\/\",\"logo\":{\"@type\":\"ImageObject\",\"inLanguage\":\"es-ES\",\"@id\":\"https:\\\/\\\/oenobois.com\\\/es\\\/#\\\/schema\\\/logo\\\/image\\\/\",\"url\":\"https:\\\/\\\/oenobois.com\\\/app\\\/uploads\\\/2023\\\/07\\\/logo-oenobois.jpg\",\"contentUrl\":\"https:\\\/\\\/oenobois.com\\\/app\\\/uploads\\\/2023\\\/07\\\/logo-oenobois.jpg\",\"width\":1226,\"height\":215,\"caption\":\"Oenobois\"},\"image\":{\"@id\":\"https:\\\/\\\/oenobois.com\\\/es\\\/#\\\/schema\\\/logo\\\/image\\\/\"}}]}<\/script>\n<!-- \/ Yoast SEO plugin. -->","yoast_head_json":{"title":"Oenobois : exigence et qualit\u00e9, dans le respect de l'environnement","description":"Chez \u0152nobois, nous croyons que la qualit\u00e9 et le respect de l\u2019environnement vont de pair, gr\u00e2ce \u00e0 des produits d'exception et innovants.","robots":{"index":"index","follow":"follow","max-snippet":"max-snippet:-1","max-image-preview":"max-image-preview:large","max-video-preview":"max-video-preview:-1"},"canonical":"https:\/\/oenobois.com\/es\/calidad-y-medioambiente\/","og_locale":"es_ES","og_type":"article","og_title":"Oenobois : exigence et qualit\u00e9, dans le respect de l'environnement","og_description":"Chez \u0152nobois, nous croyons que la qualit\u00e9 et le respect de l\u2019environnement vont de pair, gr\u00e2ce \u00e0 des produits d'exception et innovants.","og_url":"https:\/\/oenobois.com\/es\/calidad-y-medioambiente\/","og_site_name":"Oenobois","article_modified_time":"2023-10-18T13:08:10+00:00","twitter_card":"summary_large_image","schema":{"@context":"https:\/\/schema.org","@graph":[{"@type":"WebPage","@id":"https:\/\/oenobois.com\/es\/calidad-y-medioambiente\/","url":"https:\/\/oenobois.com\/es\/calidad-y-medioambiente\/","name":"Oenobois : exigence et qualit\u00e9, dans le respect de l'environnement","isPartOf":{"@id":"https:\/\/oenobois.com\/es\/#website"},"datePublished":"2023-06-30T09:54:53+00:00","dateModified":"2023-10-18T13:08:10+00:00","description":"Chez \u0152nobois, nous croyons que la qualit\u00e9 et le respect de l\u2019environnement vont de pair, gr\u00e2ce \u00e0 des produits d'exception et innovants.","inLanguage":"es-ES","potentialAction":[{"@type":"ReadAction","target":["https:\/\/oenobois.com\/es\/calidad-y-medioambiente\/"]}]},{"@type":"WebSite","@id":"https:\/\/oenobois.com\/es\/#website","url":"https:\/\/oenobois.com\/es\/","name":"Oenobois","description":"Au coeur du vin","publisher":{"@id":"https:\/\/oenobois.com\/es\/#organization"},"potentialAction":[{"@type":"SearchAction","target":{"@type":"EntryPoint","urlTemplate":"https:\/\/oenobois.com\/es\/?s={search_term_string}"},"query-input":{"@type":"PropertyValueSpecification","valueRequired":true,"valueName":"search_term_string"}}],"inLanguage":"es-ES"},{"@type":"Organization","@id":"https:\/\/oenobois.com\/es\/#organization","name":"Oenobois","url":"https:\/\/oenobois.com\/es\/","logo":{"@type":"ImageObject","inLanguage":"es-ES","@id":"https:\/\/oenobois.com\/es\/#\/schema\/logo\/image\/","url":"https:\/\/oenobois.com\/app\/uploads\/2023\/07\/logo-oenobois.jpg","contentUrl":"https:\/\/oenobois.com\/app\/uploads\/2023\/07\/logo-oenobois.jpg","width":1226,"height":215,"caption":"Oenobois"},"image":{"@id":"https:\/\/oenobois.com\/es\/#\/schema\/logo\/image\/"}}]}},"_links":{"self":[{"href":"https:\/\/oenobois.com\/es\/wp-json\/wp\/v2\/pages\/2872","targetHints":{"allow":["GET"]}}],"collection":[{"href":"https:\/\/oenobois.com\/es\/wp-json\/wp\/v2\/pages"}],"about":[{"href":"https:\/\/oenobois.com\/es\/wp-json\/wp\/v2\/types\/page"}],"author":[{"embeddable":true,"href":"https:\/\/oenobois.com\/es\/wp-json\/wp\/v2\/users\/2"}],"replies":[{"embeddable":true,"href":"https:\/\/oenobois.com\/es\/wp-json\/wp\/v2\/comments?post=2872"}],"version-history":[{"count":17,"href":"https:\/\/oenobois.com\/es\/wp-json\/wp\/v2\/pages\/2872\/revisions"}],"predecessor-version":[{"id":4411,"href":"https:\/\/oenobois.com\/es\/wp-json\/wp\/v2\/pages\/2872\/revisions\/4411"}],"wp:attachment":[{"href":"https:\/\/oenobois.com\/es\/wp-json\/wp\/v2\/media?parent=2872"}],"curies":[{"name":"wp","href":"https:\/\/api.w.org\/{rel}","templated":true}]}}