{"id":2404,"date":"2023-07-10T12:07:24","date_gmt":"2023-07-10T10:07:24","guid":{"rendered":"https:\/\/oenobois.com\/donnees-personnelles\/"},"modified":"2025-02-04T14:38:39","modified_gmt":"2025-02-04T13:38:39","slug":"donnees-personnelles","status":"publish","type":"page","link":"https:\/\/oenobois.com\/it\/donnees-personnelles\/","title":{"rendered":"Dati personali"},"content":{"rendered":"<section class=\"block-wysiwyg o-wysiwyg mb-5\">\n    <div class=\"\">\n        <h3 class=\"o-wysiwyg__title text-primary js-block-title\">\n             \n        <\/h3>\n\n        <div class=\"o-wysiwyg__content\">\n            <p><!-- wp:paragraph --><\/p>\n<p><strong>A. DATI RACCOLTI E TRATTATI<\/strong><br \/>\nIn conformit\u00e0 a quanto previsto dall&#8217;art. 5 del Regolamento Europeo 2016\/679, la raccolta e il trattamento dei dati degli utenti del sito avviene nel rispetto dei seguenti principi:<\/p>\n<p>Liceit\u00e0, correttezza e trasparenza: i dati possono essere raccolti e trattati solo con il consenso dell&#8217;utente che ne \u00e8 titolare.<\/p>\n<p>Ogni volta che vengono raccolti dati personali, l&#8217;utente viene informato che i suoi dati vengono raccolti e per quali scopi vengono raccolti.<\/p>\n<p>Finalit\u00e0 limitate: la raccolta e il trattamento dei dati vengono effettuati per soddisfare una o pi\u00f9 delle finalit\u00e0 indicate nella presente nota legale.<\/p>\n<p>Minimizzazione della raccolta e del trattamento dei dati: vengono raccolti solo i dati necessari per la corretta esecuzione delle finalit\u00e0 perseguite dal sito.<\/p>\n<p>Conservazione dei dati ridotta nel tempo: i dati vengono conservati per un periodo limitato, di cui l&#8217;utente viene informato. Se il periodo di conservazione non pu\u00f2 essere comunicato all&#8217;utente,<\/p>\n<p>Integrit\u00e0 e riservatezza dei dati raccolti e trattati: il titolare del trattamento si impegna a garantire l&#8217;integrit\u00e0 e la riservatezza dei dati raccolti.<\/p>\n<p>Per essere leciti, e in conformit\u00e0 ai requisiti dell&#8217;articolo 6 del Regolamento Europeo 2016\/679, i dati personali possono essere raccolti e trattati solo se \u00e8 soddisfatta almeno una delle seguenti condizioni:<\/p>\n<p>L&#8217;utente ha espressamente acconsentito al trattamento<br \/>\nil trattamento \u00e8 necessario per la corretta esecuzione di un contratto<br \/>\nil trattamento \u00e8 conforme a un obbligo di legge<br \/>\nil trattamento \u00e8 necessario per tutelare gli interessi vitali dell&#8217;interessato o di un&#8217;altra persona fisica<br \/>\nil trattamento pu\u00f2 essere necessario per l&#8217;esecuzione di un compito svolto nel pubblico interesse o nell&#8217;esercizio di pubblici poteri<br \/>\nIl trattamento e la raccolta dei dati personali sono necessari ai fini degli interessi legittimi e privati perseguiti dal titolare del trattamento o da terzi.<\/p>\n<p>I dati personali raccolti sul sito sono i seguenti:<\/p>\n<p>Nome<br \/>\ntelefono<br \/>\ne-mail<\/p>\n<p>Questi dati sono raccolti quando l&#8217;Utente effettua una delle seguenti operazioni sul sito:<\/p>\n<p>Modulo di contatto<br \/>\nIl titolare del trattamento conserver\u00e0 tutti i dati raccolti nei propri sistemi informatici, in condizioni di ragionevole sicurezza, per il tempo necessario al contatto.<\/p>\n<p>I dati sono raccolti e trattati per le seguenti finalit\u00e0: Contatto<\/p>\n<p><strong>B. OSPITALIT\u00c0 DEL SITO<\/strong><br \/>\nCome indicato nella nota legale, il sito \u00e8 ospitato da :<\/p>\n<p>OVH, la cui sede si trova al seguente indirizzo<\/p>\n<p>2 rue Kellermann &#8211; 59100 Roubaix &#8211; Francia<\/p>\n<p>L&#8217;host pu\u00f2 essere contattato al seguente numero di telefono: 1007.<\/p>\n<p>I dati raccolti e trattati dal sito sono ospitati e trattati esclusivamente in Francia.<\/p>\n<p><strong>C. IL RESPONSABILE DEL TRATTAMENTO DEI DATI<\/strong><br \/>\nAi sensi del Regolamento generale sulla protezione dei dati (GDPR), entrato in vigore il 25 maggio 2018 e volto a tutelare il diritto fondamentale alla privacy e alla protezione dei dati personali dei cittadini dell&#8217;Unione Europea (di seguito \u201cil Regolamento\u201d), il responsabile del trattamento dei dati personali \u00e8: Guillaume Martineau. Pu\u00f2 essere contattato come segue:<\/p>\n<p>per telefono: 05 57 77 92 92 o per e-mail all&#8217;indirizzo contact@oenobois.com.<\/p>\n<p>Il titolare del trattamento \u00e8 responsabile della determinazione delle finalit\u00e0 e dei mezzi del trattamento dei dati personali.<\/p>\n<p><strong>D. DATI PERSONALI DEI MINORI<\/strong><br \/>\nIn conformit\u00e0 alle disposizioni dell&#8217;articolo 8 del Regolamento europeo 2016\/679 e della legge francese sulla protezione dei dati, solo i minori di et\u00e0 pari o superiore a 15 anni possono acconsentire al trattamento dei propri dati personali.<\/p>\n<p>Se l&#8217;utente \u00e8 un minore di 15 anni, per la raccolta e il trattamento dei dati personali sar\u00e0 necessario il consenso di un rappresentante legale.<\/p>\n<p><strong>E. DIRITTI DELL&#8217;UTENTE E MODALIT\u00c0 DI ATTUAZIONE DEI DIRITTI DELL&#8217;UTENTE<\/strong><br \/>\nIn conformit\u00e0 alla normativa sul trattamento dei dati personali, l&#8217;Utente ha i diritti elencati di seguito.<\/p>\n<p>Affinch\u00e9 il titolare del trattamento possa dare seguito alla richiesta dell&#8217;Utente, quest&#8217;ultimo \u00e8 tenuto a fornire al titolare del trattamento: il proprio nome, cognome e indirizzo e-mail.<\/p>\n<p>Il titolare del trattamento \u00e8 tenuto a rispondere all&#8217;Utente entro un massimo di 30 (trenta) giorni.<\/p>\n<p>a. Diritto di accesso, rettifica e diritto all&#8217;oblio<br \/>\nGli utenti possono accedere, aggiornare, modificare o richiedere la cancellazione dei dati che li riguardano.<\/p>\n<p>b. Diritto alla portabilit\u00e0 dei dati<br \/>\nGli utenti hanno il diritto di richiedere la portabilit\u00e0 dei propri dati personali in possesso del sito verso un altro sito.<\/p>\n<p>c. Diritto di limitare e opporsi al trattamento dei dati<br \/>\nInfine, l&#8217;Utente ha il diritto di richiedere la limitazione o di opporsi al trattamento dei propri dati da parte del sito, senza che il sito possa rifiutarsi, a meno che non dimostri l&#8217;esistenza di motivi legittimi e prevalenti, che possano prevalere sugli interessi e sui diritti e le libert\u00e0 dell&#8217;Utente.<\/p>\n<p>d. Diritto di determinare il destino dei dati dopo la morte<br \/>\nSi ricorda agli Utenti che possono organizzare la sorte dei propri dati raccolti ed elaborati in caso di decesso, ai sensi della legge n. 2016-1321 del 7 ottobre 2016.<\/p>\n<p>e. Diritto di adire l&#8217;autorit\u00e0 di controllo competente<br \/>\nNel caso in cui il titolare del trattamento decida di non rispondere alla richiesta dell&#8217;Utente e l&#8217;Utente desideri contestare tale decisione, ha il diritto di rivolgersi alla CNIL (Commission Nationale de l&#8217;Informatique et des Libert\u00e9s, https:\/\/www.cnil.fr) o a qualsiasi giudice competente.<\/p>\n<p><strong>F. OBBLIGHI DEL TITOLARE DEL TRATTAMENTO<\/strong><br \/>\nIl titolare del trattamento si impegna a proteggere i dati personali raccolti, a non trasmetterli a terzi all&#8217;insaputa dell&#8217;utente e a rispettare le finalit\u00e0 per cui sono stati raccolti.<\/p>\n<p>Il sito \u00e8 dotato di un certificato SSL che garantisce la sicurezza del trasferimento di informazioni e dati attraverso il sito.<\/p>\n<p>Inoltre, il titolare del trattamento si impegna a informare l&#8217;utente in caso di rettifica o cancellazione dei dati, a meno che ci\u00f2 non comporti formalit\u00e0, costi e passaggi sproporzionati per l&#8217;utente.<\/p>\n<p>Nel caso in cui l&#8217;integrit\u00e0, la riservatezza o la sicurezza dei dati personali dell&#8217;Utente siano compromesse, il titolare del trattamento si impegna a informare l&#8217;Utente con ogni mezzo necessario.<\/p>\n<p><strong>G. COOKIE<\/strong><br \/>\nIl sito pu\u00f2 utilizzare \u201ccookies\u201d per elaborare statistiche e informazioni sul traffico, facilitare la navigazione e migliorare il servizio per la comodit\u00e0 dell&#8217;Utente. Per l&#8217;utilizzo di file \u201ccookie\u201d che comportano la memorizzazione e l&#8217;analisi di dati personali, \u00e8 necessario richiedere il consenso dell&#8217;utente.<\/p>\n<p>Il consenso dell&#8217;Utente \u00e8 considerato valido per un periodo massimo di 13 (tredici) mesi. Al termine di questo periodo, il sito richieder\u00e0 nuovamente l&#8217;autorizzazione dell&#8217;utente a salvare i file \u201ccookie\u201d sul suo disco rigido.<\/p>\n<p>Opposizione dell&#8217;utente all&#8217;uso dei cookie da parte del sito<br \/>\nSi informano gli utenti che possono rifiutare di accettare i cookie configurando il software del proprio browser.<\/p>\n<p>Se l&#8217;Utente decide di disattivare i file \u201ccookie\u201d, potr\u00e0 continuare a navigare sul sito. Tuttavia, qualsiasi malfunzionamento del sito causato da questa manipolazione non pu\u00f2 essere considerato come colpa dell&#8217;Editore del sito.<\/p>\n<p><!-- \/wp:paragraph --><\/p>\n\n        <\/div>\n\n    <\/div>\n<\/section>","protected":false},"excerpt":{"rendered":"","protected":false},"author":2,"featured_media":0,"parent":0,"menu_order":25,"comment_status":"closed","ping_status":"closed","template":"","meta":{"_acf_changed":false,"footnotes":""},"class_list":["post-2404","page","type-page","status-publish","hentry"],"acf":[],"yoast_head":"<!-- This site is optimized with the Yoast SEO plugin v27.5 - https:\/\/yoast.com\/product\/yoast-seo-wordpress\/ -->\n<title>Dati personali : Oenobois<\/title>\n<meta name=\"robots\" content=\"noindex, nofollow\" \/>\n<meta property=\"og:locale\" content=\"it_IT\" \/>\n<meta property=\"og:type\" content=\"article\" \/>\n<meta property=\"og:title\" content=\"Dati personali : Oenobois\" \/>\n<meta property=\"og:url\" content=\"https:\/\/oenobois.com\/it\/donnees-personnelles\/\" \/>\n<meta property=\"og:site_name\" content=\"Oenobois\" \/>\n<meta property=\"article:modified_time\" content=\"2025-02-04T13:38:39+00:00\" \/>\n<meta name=\"twitter:card\" content=\"summary_large_image\" \/>\n<script type=\"application\/ld+json\" class=\"yoast-schema-graph\">{\"@context\":\"https:\\\/\\\/schema.org\",\"@graph\":[{\"@type\":\"WebPage\",\"@id\":\"https:\\\/\\\/oenobois.com\\\/it\\\/donnees-personnelles\\\/\",\"url\":\"https:\\\/\\\/oenobois.com\\\/it\\\/donnees-personnelles\\\/\",\"name\":\"Dati personali : Oenobois\",\"isPartOf\":{\"@id\":\"https:\\\/\\\/oenobois.com\\\/it\\\/#website\"},\"datePublished\":\"2023-07-10T10:07:24+00:00\",\"dateModified\":\"2025-02-04T13:38:39+00:00\",\"inLanguage\":\"it-IT\",\"potentialAction\":[{\"@type\":\"ReadAction\",\"target\":[\"https:\\\/\\\/oenobois.com\\\/it\\\/donnees-personnelles\\\/\"]}]},{\"@type\":\"WebSite\",\"@id\":\"https:\\\/\\\/oenobois.com\\\/it\\\/#website\",\"url\":\"https:\\\/\\\/oenobois.com\\\/it\\\/\",\"name\":\"Oenobois\",\"description\":\"Au coeur du vin\",\"publisher\":{\"@id\":\"https:\\\/\\\/oenobois.com\\\/it\\\/#organization\"},\"potentialAction\":[{\"@type\":\"SearchAction\",\"target\":{\"@type\":\"EntryPoint\",\"urlTemplate\":\"https:\\\/\\\/oenobois.com\\\/it\\\/?s={search_term_string}\"},\"query-input\":{\"@type\":\"PropertyValueSpecification\",\"valueRequired\":true,\"valueName\":\"search_term_string\"}}],\"inLanguage\":\"it-IT\"},{\"@type\":\"Organization\",\"@id\":\"https:\\\/\\\/oenobois.com\\\/it\\\/#organization\",\"name\":\"Oenobois\",\"url\":\"https:\\\/\\\/oenobois.com\\\/it\\\/\",\"logo\":{\"@type\":\"ImageObject\",\"inLanguage\":\"it-IT\",\"@id\":\"https:\\\/\\\/oenobois.com\\\/it\\\/#\\\/schema\\\/logo\\\/image\\\/\",\"url\":\"https:\\\/\\\/oenobois.com\\\/app\\\/uploads\\\/2023\\\/07\\\/logo-oenobois.jpg\",\"contentUrl\":\"https:\\\/\\\/oenobois.com\\\/app\\\/uploads\\\/2023\\\/07\\\/logo-oenobois.jpg\",\"width\":1226,\"height\":215,\"caption\":\"Oenobois\"},\"image\":{\"@id\":\"https:\\\/\\\/oenobois.com\\\/it\\\/#\\\/schema\\\/logo\\\/image\\\/\"}}]}<\/script>\n<!-- \/ Yoast SEO plugin. -->","yoast_head_json":{"title":"Dati personali : Oenobois","robots":{"index":"noindex","follow":"nofollow"},"og_locale":"it_IT","og_type":"article","og_title":"Dati personali : Oenobois","og_url":"https:\/\/oenobois.com\/it\/donnees-personnelles\/","og_site_name":"Oenobois","article_modified_time":"2025-02-04T13:38:39+00:00","twitter_card":"summary_large_image","schema":{"@context":"https:\/\/schema.org","@graph":[{"@type":"WebPage","@id":"https:\/\/oenobois.com\/it\/donnees-personnelles\/","url":"https:\/\/oenobois.com\/it\/donnees-personnelles\/","name":"Dati personali : Oenobois","isPartOf":{"@id":"https:\/\/oenobois.com\/it\/#website"},"datePublished":"2023-07-10T10:07:24+00:00","dateModified":"2025-02-04T13:38:39+00:00","inLanguage":"it-IT","potentialAction":[{"@type":"ReadAction","target":["https:\/\/oenobois.com\/it\/donnees-personnelles\/"]}]},{"@type":"WebSite","@id":"https:\/\/oenobois.com\/it\/#website","url":"https:\/\/oenobois.com\/it\/","name":"Oenobois","description":"Au coeur du vin","publisher":{"@id":"https:\/\/oenobois.com\/it\/#organization"},"potentialAction":[{"@type":"SearchAction","target":{"@type":"EntryPoint","urlTemplate":"https:\/\/oenobois.com\/it\/?s={search_term_string}"},"query-input":{"@type":"PropertyValueSpecification","valueRequired":true,"valueName":"search_term_string"}}],"inLanguage":"it-IT"},{"@type":"Organization","@id":"https:\/\/oenobois.com\/it\/#organization","name":"Oenobois","url":"https:\/\/oenobois.com\/it\/","logo":{"@type":"ImageObject","inLanguage":"it-IT","@id":"https:\/\/oenobois.com\/it\/#\/schema\/logo\/image\/","url":"https:\/\/oenobois.com\/app\/uploads\/2023\/07\/logo-oenobois.jpg","contentUrl":"https:\/\/oenobois.com\/app\/uploads\/2023\/07\/logo-oenobois.jpg","width":1226,"height":215,"caption":"Oenobois"},"image":{"@id":"https:\/\/oenobois.com\/it\/#\/schema\/logo\/image\/"}}]}},"_links":{"self":[{"href":"https:\/\/oenobois.com\/it\/wp-json\/wp\/v2\/pages\/2404","targetHints":{"allow":["GET"]}}],"collection":[{"href":"https:\/\/oenobois.com\/it\/wp-json\/wp\/v2\/pages"}],"about":[{"href":"https:\/\/oenobois.com\/it\/wp-json\/wp\/v2\/types\/page"}],"author":[{"embeddable":true,"href":"https:\/\/oenobois.com\/it\/wp-json\/wp\/v2\/users\/2"}],"replies":[{"embeddable":true,"href":"https:\/\/oenobois.com\/it\/wp-json\/wp\/v2\/comments?post=2404"}],"version-history":[{"count":2,"href":"https:\/\/oenobois.com\/it\/wp-json\/wp\/v2\/pages\/2404\/revisions"}],"predecessor-version":[{"id":5429,"href":"https:\/\/oenobois.com\/it\/wp-json\/wp\/v2\/pages\/2404\/revisions\/5429"}],"wp:attachment":[{"href":"https:\/\/oenobois.com\/it\/wp-json\/wp\/v2\/media?parent=2404"}],"curies":[{"name":"wp","href":"https:\/\/api.w.org\/{rel}","templated":true}]}}